{"id":2002,"date":"2022-11-23T21:11:15","date_gmt":"2022-11-23T21:11:15","guid":{"rendered":"https:\/\/autopecasanhanguera.com.br\/?post_type=product&#038;p=2002"},"modified":"2022-11-23T21:11:15","modified_gmt":"2022-11-23T21:11:15","slug":"white-lub-300ml-white-4818-7","status":"publish","type":"product","link":"https:\/\/autopecasanhanguera.com.br\/index.php\/product\/white-lub-300ml-white-4818-7\/","title":{"rendered":"WHITE LUB 300ML WHITE 4818.7"},"content":{"rendered":"<p>DESCRI\u00c7\u00c3O= WHITE LUB 300ML WHITE 4818.7 C\u00d3DIGO DO FABRICANTE= 4506 WH146 3121 MARCA = TAUROS<\/p>\n","protected":false},"excerpt":{"rendered":"<p>DESCRI\u00c7\u00c3O= WHITE LUB 300ML WHITE 4818.7 C\u00d3DIGO DO FABRICANTE= 4506 WH146 3121 MARCA = TAUROS<\/p>\n","protected":false},"featured_media":0,"template":"","meta":{"om_disable_all_campaigns":false,"_monsterinsights_skip_tracking":false,"_monsterinsights_sitenote_active":false,"_monsterinsights_sitenote_note":"","_monsterinsights_sitenote_category":0},"product_cat":[105],"product_tag":[],"aioseo_notices":[],"_links":{"self":[{"href":"https:\/\/autopecasanhanguera.com.br\/index.php\/wp-json\/wp\/v2\/product\/2002"}],"collection":[{"href":"https:\/\/autopecasanhanguera.com.br\/index.php\/wp-json\/wp\/v2\/product"}],"about":[{"href":"https:\/\/autopecasanhanguera.com.br\/index.php\/wp-json\/wp\/v2\/types\/product"}],"wp:attachment":[{"href":"https:\/\/autopecasanhanguera.com.br\/index.php\/wp-json\/wp\/v2\/media?parent=2002"}],"wp:term":[{"taxonomy":"product_cat","embeddable":true,"href":"https:\/\/autopecasanhanguera.com.br\/index.php\/wp-json\/wp\/v2\/product_cat?post=2002"},{"taxonomy":"product_tag","embeddable":true,"href":"https:\/\/autopecasanhanguera.com.br\/index.php\/wp-json\/wp\/v2\/product_tag?post=2002"}],"curies":[{"name":"wp","href":"https:\/\/api.w.org\/{rel}","templated":true}]}}