{"id":2017,"date":"2022-11-23T21:11:17","date_gmt":"2022-11-23T21:11:17","guid":{"rendered":"https:\/\/autopecasanhanguera.com.br\/?post_type=product&#038;p=2017"},"modified":"2022-11-23T21:11:17","modified_gmt":"2022-11-23T21:11:17","slug":"correia-comando-escort-zetec-1","status":"publish","type":"product","link":"https:\/\/autopecasanhanguera.com.br\/index.php\/product\/correia-comando-escort-zetec-1\/","title":{"rendered":"CORREIA COMANDO ESCORT ZETEC 1"},"content":{"rendered":"<p>DESCRI\u00c7\u00c3O= CORREIA COMANDO ESCORT ZETEC 1 C\u00d3DIGO DO FABRICANTE= 76131X1XS 131SP254H MARCA = DAYCO GATES CONTINET<\/p>\n","protected":false},"excerpt":{"rendered":"<p>DESCRI\u00c7\u00c3O= CORREIA COMANDO ESCORT ZETEC 1 C\u00d3DIGO DO FABRICANTE= 76131X1XS 131SP254H MARCA = DAYCO GATES CONTINET<\/p>\n","protected":false},"featured_media":0,"template":"","meta":{"om_disable_all_campaigns":false,"_monsterinsights_skip_tracking":false,"_monsterinsights_sitenote_active":false,"_monsterinsights_sitenote_note":"","_monsterinsights_sitenote_category":0},"product_cat":[578],"product_tag":[],"aioseo_notices":[],"_links":{"self":[{"href":"https:\/\/autopecasanhanguera.com.br\/index.php\/wp-json\/wp\/v2\/product\/2017"}],"collection":[{"href":"https:\/\/autopecasanhanguera.com.br\/index.php\/wp-json\/wp\/v2\/product"}],"about":[{"href":"https:\/\/autopecasanhanguera.com.br\/index.php\/wp-json\/wp\/v2\/types\/product"}],"wp:attachment":[{"href":"https:\/\/autopecasanhanguera.com.br\/index.php\/wp-json\/wp\/v2\/media?parent=2017"}],"wp:term":[{"taxonomy":"product_cat","embeddable":true,"href":"https:\/\/autopecasanhanguera.com.br\/index.php\/wp-json\/wp\/v2\/product_cat?post=2017"},{"taxonomy":"product_tag","embeddable":true,"href":"https:\/\/autopecasanhanguera.com.br\/index.php\/wp-json\/wp\/v2\/product_tag?post=2017"}],"curies":[{"name":"wp","href":"https:\/\/api.w.org\/{rel}","templated":true}]}}