{"id":2114,"date":"2022-11-23T21:11:29","date_gmt":"2022-11-23T21:11:29","guid":{"rendered":"https:\/\/autopecasanhanguera.com.br\/?post_type=product&#038;p=2114"},"modified":"2022-11-23T21:11:29","modified_gmt":"2022-11-23T21:11:29","slug":"alavanca-regulagem-banco-esq-g","status":"publish","type":"product","link":"https:\/\/autopecasanhanguera.com.br\/index.php\/product\/alavanca-regulagem-banco-esq-g\/","title":{"rendered":"ALAVANCA REGULAGEM BANCO ESQ G"},"content":{"rendered":"<p>DESCRI\u00c7\u00c3O= ALAVANCA REGULAGEM BANCO ESQ G C\u00d3DIGO DO FABRICANTE= 3058812311*43** MARCA = VW<\/p>\n","protected":false},"excerpt":{"rendered":"<p>DESCRI\u00c7\u00c3O= ALAVANCA REGULAGEM BANCO ESQ G C\u00d3DIGO DO FABRICANTE= 3058812311*43** MARCA = VW<\/p>\n","protected":false},"featured_media":0,"template":"","meta":{"om_disable_all_campaigns":false,"_monsterinsights_skip_tracking":false,"_monsterinsights_sitenote_active":false,"_monsterinsights_sitenote_note":"","_monsterinsights_sitenote_category":0},"product_cat":[89],"product_tag":[],"aioseo_notices":[],"_links":{"self":[{"href":"https:\/\/autopecasanhanguera.com.br\/index.php\/wp-json\/wp\/v2\/product\/2114"}],"collection":[{"href":"https:\/\/autopecasanhanguera.com.br\/index.php\/wp-json\/wp\/v2\/product"}],"about":[{"href":"https:\/\/autopecasanhanguera.com.br\/index.php\/wp-json\/wp\/v2\/types\/product"}],"wp:attachment":[{"href":"https:\/\/autopecasanhanguera.com.br\/index.php\/wp-json\/wp\/v2\/media?parent=2114"}],"wp:term":[{"taxonomy":"product_cat","embeddable":true,"href":"https:\/\/autopecasanhanguera.com.br\/index.php\/wp-json\/wp\/v2\/product_cat?post=2114"},{"taxonomy":"product_tag","embeddable":true,"href":"https:\/\/autopecasanhanguera.com.br\/index.php\/wp-json\/wp\/v2\/product_tag?post=2114"}],"curies":[{"name":"wp","href":"https:\/\/api.w.org\/{rel}","templated":true}]}}