{"id":2115,"date":"2022-11-23T21:11:30","date_gmt":"2022-11-23T21:11:30","guid":{"rendered":"https:\/\/autopecasanhanguera.com.br\/?post_type=product&#038;p=2115"},"modified":"2022-11-23T21:11:30","modified_gmt":"2022-11-23T21:11:30","slug":"alavanca-regulagem-banco-dir-g","status":"publish","type":"product","link":"https:\/\/autopecasanhanguera.com.br\/index.php\/product\/alavanca-regulagem-banco-dir-g\/","title":{"rendered":"ALAVANCA REGULAGEM BANCO DIR G"},"content":{"rendered":"<p>DESCRI\u00c7\u00c3O= ALAVANCA REGULAGEM BANCO DIR G C\u00d3DIGO DO FABRICANTE= 3058812321 ***43** MARCA = VW<\/p>\n","protected":false},"excerpt":{"rendered":"<p>DESCRI\u00c7\u00c3O= ALAVANCA REGULAGEM BANCO DIR G C\u00d3DIGO DO FABRICANTE= 3058812321 ***43** MARCA = VW<\/p>\n","protected":false},"featured_media":0,"template":"","meta":{"om_disable_all_campaigns":false,"_monsterinsights_skip_tracking":false,"_monsterinsights_sitenote_active":false,"_monsterinsights_sitenote_note":"","_monsterinsights_sitenote_category":0},"product_cat":[89],"product_tag":[],"aioseo_notices":[],"_links":{"self":[{"href":"https:\/\/autopecasanhanguera.com.br\/index.php\/wp-json\/wp\/v2\/product\/2115"}],"collection":[{"href":"https:\/\/autopecasanhanguera.com.br\/index.php\/wp-json\/wp\/v2\/product"}],"about":[{"href":"https:\/\/autopecasanhanguera.com.br\/index.php\/wp-json\/wp\/v2\/types\/product"}],"wp:attachment":[{"href":"https:\/\/autopecasanhanguera.com.br\/index.php\/wp-json\/wp\/v2\/media?parent=2115"}],"wp:term":[{"taxonomy":"product_cat","embeddable":true,"href":"https:\/\/autopecasanhanguera.com.br\/index.php\/wp-json\/wp\/v2\/product_cat?post=2115"},{"taxonomy":"product_tag","embeddable":true,"href":"https:\/\/autopecasanhanguera.com.br\/index.php\/wp-json\/wp\/v2\/product_tag?post=2115"}],"curies":[{"name":"wp","href":"https:\/\/api.w.org\/{rel}","templated":true}]}}