{"id":2285,"date":"2022-11-23T21:11:48","date_gmt":"2022-11-23T21:11:48","guid":{"rendered":"https:\/\/autopecasanhanguera.com.br\/?post_type=product&#038;p=2285"},"modified":"2022-11-23T21:11:48","modified_gmt":"2022-11-23T21:11:48","slug":"sapata-freio-fox-cross-fox-tds","status":"publish","type":"product","link":"https:\/\/autopecasanhanguera.com.br\/index.php\/product\/sapata-freio-fox-cross-fox-tds\/","title":{"rendered":"SAPATA FREIO FOX CROSS FOX TDS"},"content":{"rendered":"<p>DESCRI\u00c7\u00c3O= SAPATA FREIO FOX CROSS FOX TDS C\u00d3DIGO DO FABRICANTE= WZ-342 MARCA = PAN<\/p>\n","protected":false},"excerpt":{"rendered":"<p>DESCRI\u00c7\u00c3O= SAPATA FREIO FOX CROSS FOX TDS C\u00d3DIGO DO FABRICANTE= WZ-342 MARCA = PAN<\/p>\n","protected":false},"featured_media":0,"template":"","meta":{"om_disable_all_campaigns":false,"_monsterinsights_skip_tracking":false,"_monsterinsights_sitenote_active":false,"_monsterinsights_sitenote_note":"","_monsterinsights_sitenote_category":0},"product_cat":[99],"product_tag":[],"aioseo_notices":[],"_links":{"self":[{"href":"https:\/\/autopecasanhanguera.com.br\/index.php\/wp-json\/wp\/v2\/product\/2285"}],"collection":[{"href":"https:\/\/autopecasanhanguera.com.br\/index.php\/wp-json\/wp\/v2\/product"}],"about":[{"href":"https:\/\/autopecasanhanguera.com.br\/index.php\/wp-json\/wp\/v2\/types\/product"}],"wp:attachment":[{"href":"https:\/\/autopecasanhanguera.com.br\/index.php\/wp-json\/wp\/v2\/media?parent=2285"}],"wp:term":[{"taxonomy":"product_cat","embeddable":true,"href":"https:\/\/autopecasanhanguera.com.br\/index.php\/wp-json\/wp\/v2\/product_cat?post=2285"},{"taxonomy":"product_tag","embeddable":true,"href":"https:\/\/autopecasanhanguera.com.br\/index.php\/wp-json\/wp\/v2\/product_tag?post=2285"}],"curies":[{"name":"wp","href":"https:\/\/api.w.org\/{rel}","templated":true}]}}