{"id":2420,"date":"2022-11-23T21:12:07","date_gmt":"2022-11-23T21:12:07","guid":{"rendered":"https:\/\/autopecasanhanguera.com.br\/?post_type=product&#038;p=2420"},"modified":"2022-11-23T21:12:07","modified_gmt":"2022-11-23T21:12:07","slug":"pastilha-freio-hyundai-azera-s","status":"publish","type":"product","link":"https:\/\/autopecasanhanguera.com.br\/index.php\/product\/pastilha-freio-hyundai-azera-s\/","title":{"rendered":"PASTILHA FREIO HYUNDAI AZERA.S"},"content":{"rendered":"<p>DESCRI\u00c7\u00c3O= PASTILHA FREIO HYUNDAI AZERA.S C\u00d3DIGO DO FABRICANTE= 2276SYL MARCA = NORFLEX IBTF VARGAS<\/p>\n","protected":false},"excerpt":{"rendered":"<p>DESCRI\u00c7\u00c3O= PASTILHA FREIO HYUNDAI AZERA.S C\u00d3DIGO DO FABRICANTE= 2276SYL MARCA = NORFLEX IBTF VARGAS<\/p>\n","protected":false},"featured_media":0,"template":"","meta":{"om_disable_all_campaigns":false,"_monsterinsights_skip_tracking":false,"_monsterinsights_sitenote_active":false,"_monsterinsights_sitenote_note":"","_monsterinsights_sitenote_category":0},"product_cat":[99],"product_tag":[],"aioseo_notices":[],"_links":{"self":[{"href":"https:\/\/autopecasanhanguera.com.br\/index.php\/wp-json\/wp\/v2\/product\/2420"}],"collection":[{"href":"https:\/\/autopecasanhanguera.com.br\/index.php\/wp-json\/wp\/v2\/product"}],"about":[{"href":"https:\/\/autopecasanhanguera.com.br\/index.php\/wp-json\/wp\/v2\/types\/product"}],"wp:attachment":[{"href":"https:\/\/autopecasanhanguera.com.br\/index.php\/wp-json\/wp\/v2\/media?parent=2420"}],"wp:term":[{"taxonomy":"product_cat","embeddable":true,"href":"https:\/\/autopecasanhanguera.com.br\/index.php\/wp-json\/wp\/v2\/product_cat?post=2420"},{"taxonomy":"product_tag","embeddable":true,"href":"https:\/\/autopecasanhanguera.com.br\/index.php\/wp-json\/wp\/v2\/product_tag?post=2420"}],"curies":[{"name":"wp","href":"https:\/\/api.w.org\/{rel}","templated":true}]}}