{"id":2423,"date":"2022-11-23T21:12:07","date_gmt":"2022-11-23T21:12:07","guid":{"rendered":"https:\/\/autopecasanhanguera.com.br\/?post_type=product&#038;p=2423"},"modified":"2022-11-23T21:12:07","modified_gmt":"2022-11-23T21:12:07","slug":"porca-sex-10-mm-castelo-6un-12","status":"publish","type":"product","link":"https:\/\/autopecasanhanguera.com.br\/index.php\/product\/porca-sex-10-mm-castelo-6un-12\/","title":{"rendered":"PORCA SEX 10 MM CASTELO 6UN 12"},"content":{"rendered":"<p>DESCRI\u00c7\u00c3O= PORCA SEX 10 MM CASTELO 6UN 12 C\u00d3DIGO DO FABRICANTE= N0112101*43* MARCA = VW<\/p>\n","protected":false},"excerpt":{"rendered":"<p>DESCRI\u00c7\u00c3O= PORCA SEX 10 MM CASTELO 6UN 12 C\u00d3DIGO DO FABRICANTE= N0112101*43* MARCA = VW<\/p>\n","protected":false},"featured_media":0,"template":"","meta":{"om_disable_all_campaigns":false,"_monsterinsights_skip_tracking":false,"_monsterinsights_sitenote_active":false,"_monsterinsights_sitenote_note":"","_monsterinsights_sitenote_category":0},"product_cat":[103],"product_tag":[],"aioseo_notices":[],"_links":{"self":[{"href":"https:\/\/autopecasanhanguera.com.br\/index.php\/wp-json\/wp\/v2\/product\/2423"}],"collection":[{"href":"https:\/\/autopecasanhanguera.com.br\/index.php\/wp-json\/wp\/v2\/product"}],"about":[{"href":"https:\/\/autopecasanhanguera.com.br\/index.php\/wp-json\/wp\/v2\/types\/product"}],"wp:attachment":[{"href":"https:\/\/autopecasanhanguera.com.br\/index.php\/wp-json\/wp\/v2\/media?parent=2423"}],"wp:term":[{"taxonomy":"product_cat","embeddable":true,"href":"https:\/\/autopecasanhanguera.com.br\/index.php\/wp-json\/wp\/v2\/product_cat?post=2423"},{"taxonomy":"product_tag","embeddable":true,"href":"https:\/\/autopecasanhanguera.com.br\/index.php\/wp-json\/wp\/v2\/product_tag?post=2423"}],"curies":[{"name":"wp","href":"https:\/\/api.w.org\/{rel}","templated":true}]}}