{"id":2500,"date":"2022-11-23T21:12:21","date_gmt":"2022-11-23T21:12:21","guid":{"rendered":"https:\/\/autopecasanhanguera.com.br\/?post_type=product&#038;p=2500"},"modified":"2022-11-23T21:12:21","modified_gmt":"2022-11-23T21:12:21","slug":"lampada-12v-1141-1-polo","status":"publish","type":"product","link":"https:\/\/autopecasanhanguera.com.br\/index.php\/product\/lampada-12v-1141-1-polo\/","title":{"rendered":"LAMPADA 12V 1141 (1 POLO)"},"content":{"rendered":"<p>DESCRI\u00c7\u00c3O= LAMPADA 12V 1141 (1 POLO) C\u00d3DIGO DO FABRICANTE= YN-12 LMM7506 HE7506 MARCA = HELLA<\/p>\n","protected":false},"excerpt":{"rendered":"<p>DESCRI\u00c7\u00c3O= LAMPADA 12V 1141 (1 POLO) C\u00d3DIGO DO FABRICANTE= YN-12 LMM7506 HE7506 MARCA = HELLA<\/p>\n","protected":false},"featured_media":0,"template":"","meta":{"om_disable_all_campaigns":false,"_monsterinsights_skip_tracking":false,"_monsterinsights_sitenote_active":false,"_monsterinsights_sitenote_note":"","_monsterinsights_sitenote_category":0},"product_cat":[127],"product_tag":[],"aioseo_notices":[],"_links":{"self":[{"href":"https:\/\/autopecasanhanguera.com.br\/index.php\/wp-json\/wp\/v2\/product\/2500"}],"collection":[{"href":"https:\/\/autopecasanhanguera.com.br\/index.php\/wp-json\/wp\/v2\/product"}],"about":[{"href":"https:\/\/autopecasanhanguera.com.br\/index.php\/wp-json\/wp\/v2\/types\/product"}],"wp:attachment":[{"href":"https:\/\/autopecasanhanguera.com.br\/index.php\/wp-json\/wp\/v2\/media?parent=2500"}],"wp:term":[{"taxonomy":"product_cat","embeddable":true,"href":"https:\/\/autopecasanhanguera.com.br\/index.php\/wp-json\/wp\/v2\/product_cat?post=2500"},{"taxonomy":"product_tag","embeddable":true,"href":"https:\/\/autopecasanhanguera.com.br\/index.php\/wp-json\/wp\/v2\/product_tag?post=2500"}],"curies":[{"name":"wp","href":"https:\/\/api.w.org\/{rel}","templated":true}]}}