{"id":2525,"date":"2022-11-23T21:12:23","date_gmt":"2022-11-23T21:12:23","guid":{"rendered":"https:\/\/autopecasanhanguera.com.br\/?post_type=product&#038;p=2525"},"modified":"2022-11-23T21:12:23","modified_gmt":"2022-11-23T21:12:23","slug":"braco-tensor-susp-traz-corcel","status":"publish","type":"product","link":"https:\/\/autopecasanhanguera.com.br\/index.php\/product\/braco-tensor-susp-traz-corcel\/","title":{"rendered":"BRACO TENSOR SUSP TRAZ CORCEL"},"content":{"rendered":"<p>DESCRI\u00c7\u00c3O= BRACO TENSOR SUSP TRAZ CORCEL C\u00d3DIGO DO FABRICANTE= BD3000*43*PEXX* MARCA = EXPLOSAO<\/p>\n","protected":false},"excerpt":{"rendered":"<p>DESCRI\u00c7\u00c3O= BRACO TENSOR SUSP TRAZ CORCEL C\u00d3DIGO DO FABRICANTE= BD3000*43*PEXX* MARCA = EXPLOSAO<\/p>\n","protected":false},"featured_media":0,"template":"","meta":{"om_disable_all_campaigns":false,"_monsterinsights_skip_tracking":false,"_monsterinsights_sitenote_active":false,"_monsterinsights_sitenote_note":"","_monsterinsights_sitenote_category":0},"product_cat":[92],"product_tag":[],"aioseo_notices":[],"_links":{"self":[{"href":"https:\/\/autopecasanhanguera.com.br\/index.php\/wp-json\/wp\/v2\/product\/2525"}],"collection":[{"href":"https:\/\/autopecasanhanguera.com.br\/index.php\/wp-json\/wp\/v2\/product"}],"about":[{"href":"https:\/\/autopecasanhanguera.com.br\/index.php\/wp-json\/wp\/v2\/types\/product"}],"wp:attachment":[{"href":"https:\/\/autopecasanhanguera.com.br\/index.php\/wp-json\/wp\/v2\/media?parent=2525"}],"wp:term":[{"taxonomy":"product_cat","embeddable":true,"href":"https:\/\/autopecasanhanguera.com.br\/index.php\/wp-json\/wp\/v2\/product_cat?post=2525"},{"taxonomy":"product_tag","embeddable":true,"href":"https:\/\/autopecasanhanguera.com.br\/index.php\/wp-json\/wp\/v2\/product_tag?post=2525"}],"curies":[{"name":"wp","href":"https:\/\/api.w.org\/{rel}","templated":true}]}}