{"id":2533,"date":"2022-11-23T21:12:25","date_gmt":"2022-11-23T21:12:25","guid":{"rendered":"https:\/\/autopecasanhanguera.com.br\/?post_type=product&#038;p=2533"},"modified":"2022-11-23T21:12:25","modified_gmt":"2022-11-23T21:12:25","slug":"footbloc-amortecedor-corcel-me","status":"publish","type":"product","link":"https:\/\/autopecasanhanguera.com.br\/index.php\/product\/footbloc-amortecedor-corcel-me\/","title":{"rendered":"FOOTBLOC AMORTECEDOR CORCEL ME"},"content":{"rendered":"<p>DESCRI\u00c7\u00c3O= FOOTBLOC AMORTECEDOR CORCEL ME C\u00d3DIGO DO FABRICANTE= SL2550A*43* MARCA = EXPLOSAO<\/p>\n","protected":false},"excerpt":{"rendered":"<p>DESCRI\u00c7\u00c3O= FOOTBLOC AMORTECEDOR CORCEL ME C\u00d3DIGO DO FABRICANTE= SL2550A*43* MARCA = EXPLOSAO<\/p>\n","protected":false},"featured_media":0,"template":"","meta":{"om_disable_all_campaigns":false,"_monsterinsights_skip_tracking":false,"_monsterinsights_sitenote_active":false,"_monsterinsights_sitenote_note":"","_monsterinsights_sitenote_category":0},"product_cat":[92],"product_tag":[],"aioseo_notices":[],"_links":{"self":[{"href":"https:\/\/autopecasanhanguera.com.br\/index.php\/wp-json\/wp\/v2\/product\/2533"}],"collection":[{"href":"https:\/\/autopecasanhanguera.com.br\/index.php\/wp-json\/wp\/v2\/product"}],"about":[{"href":"https:\/\/autopecasanhanguera.com.br\/index.php\/wp-json\/wp\/v2\/types\/product"}],"wp:attachment":[{"href":"https:\/\/autopecasanhanguera.com.br\/index.php\/wp-json\/wp\/v2\/media?parent=2533"}],"wp:term":[{"taxonomy":"product_cat","embeddable":true,"href":"https:\/\/autopecasanhanguera.com.br\/index.php\/wp-json\/wp\/v2\/product_cat?post=2533"},{"taxonomy":"product_tag","embeddable":true,"href":"https:\/\/autopecasanhanguera.com.br\/index.php\/wp-json\/wp\/v2\/product_tag?post=2533"}],"curies":[{"name":"wp","href":"https:\/\/api.w.org\/{rel}","templated":true}]}}