{"id":2541,"date":"2022-11-23T21:12:25","date_gmt":"2022-11-23T21:12:25","guid":{"rendered":"https:\/\/autopecasanhanguera.com.br\/?post_type=product&#038;p=2541"},"modified":"2022-11-23T21:12:25","modified_gmt":"2022-11-23T21:12:25","slug":"bendix-mt-partida-gol-ps-voy-p","status":"publish","type":"product","link":"https:\/\/autopecasanhanguera.com.br\/index.php\/product\/bendix-mt-partida-gol-ps-voy-p\/","title":{"rendered":"BENDIX MT PARTIDA GOL PS VOY P"},"content":{"rendered":"<p>DESCRI\u00c7\u00c3O= BENDIX MT PARTIDA GOL PS VOY P C\u00d3DIGO DO FABRICANTE= 0068 75.5437 IK8068 MARCA = BOSCH<\/p>\n","protected":false},"excerpt":{"rendered":"<p>DESCRI\u00c7\u00c3O= BENDIX MT PARTIDA GOL PS VOY P C\u00d3DIGO DO FABRICANTE= 0068 75.5437 IK8068 MARCA = BOSCH<\/p>\n","protected":false},"featured_media":0,"template":"","meta":{"om_disable_all_campaigns":false,"_monsterinsights_skip_tracking":false,"_monsterinsights_sitenote_active":false,"_monsterinsights_sitenote_note":"","_monsterinsights_sitenote_category":0},"product_cat":[127],"product_tag":[],"aioseo_notices":[],"_links":{"self":[{"href":"https:\/\/autopecasanhanguera.com.br\/index.php\/wp-json\/wp\/v2\/product\/2541"}],"collection":[{"href":"https:\/\/autopecasanhanguera.com.br\/index.php\/wp-json\/wp\/v2\/product"}],"about":[{"href":"https:\/\/autopecasanhanguera.com.br\/index.php\/wp-json\/wp\/v2\/types\/product"}],"wp:attachment":[{"href":"https:\/\/autopecasanhanguera.com.br\/index.php\/wp-json\/wp\/v2\/media?parent=2541"}],"wp:term":[{"taxonomy":"product_cat","embeddable":true,"href":"https:\/\/autopecasanhanguera.com.br\/index.php\/wp-json\/wp\/v2\/product_cat?post=2541"},{"taxonomy":"product_tag","embeddable":true,"href":"https:\/\/autopecasanhanguera.com.br\/index.php\/wp-json\/wp\/v2\/product_tag?post=2541"}],"curies":[{"name":"wp","href":"https:\/\/api.w.org\/{rel}","templated":true}]}}