{"id":2570,"date":"2022-11-23T21:12:31","date_gmt":"2022-11-23T21:12:31","guid":{"rendered":"https:\/\/autopecasanhanguera.com.br\/?post_type=product&#038;p=2570"},"modified":"2022-11-23T21:12:31","modified_gmt":"2022-11-23T21:12:31","slug":"retrovisor-ext-s10-ldir-compra","status":"publish","type":"product","link":"https:\/\/autopecasanhanguera.com.br\/index.php\/product\/retrovisor-ext-s10-ldir-compra\/","title":{"rendered":"RETROVISOR EXT S10 LDIR COMPRA"},"content":{"rendered":"<p>DESCRI\u00c7\u00c3O= RETROVISOR EXT S10 LDIR COMPRA C\u00d3DIGO DO FABRICANTE= 93346444*43* MARCA = GM<\/p>\n","protected":false},"excerpt":{"rendered":"<p>DESCRI\u00c7\u00c3O= RETROVISOR EXT S10 LDIR COMPRA C\u00d3DIGO DO FABRICANTE= 93346444*43* MARCA = GM<\/p>\n","protected":false},"featured_media":0,"template":"","meta":{"om_disable_all_campaigns":false,"_monsterinsights_skip_tracking":false,"_monsterinsights_sitenote_active":false,"_monsterinsights_sitenote_note":"","_monsterinsights_sitenote_category":0},"product_cat":[89],"product_tag":[],"aioseo_notices":[],"_links":{"self":[{"href":"https:\/\/autopecasanhanguera.com.br\/index.php\/wp-json\/wp\/v2\/product\/2570"}],"collection":[{"href":"https:\/\/autopecasanhanguera.com.br\/index.php\/wp-json\/wp\/v2\/product"}],"about":[{"href":"https:\/\/autopecasanhanguera.com.br\/index.php\/wp-json\/wp\/v2\/types\/product"}],"wp:attachment":[{"href":"https:\/\/autopecasanhanguera.com.br\/index.php\/wp-json\/wp\/v2\/media?parent=2570"}],"wp:term":[{"taxonomy":"product_cat","embeddable":true,"href":"https:\/\/autopecasanhanguera.com.br\/index.php\/wp-json\/wp\/v2\/product_cat?post=2570"},{"taxonomy":"product_tag","embeddable":true,"href":"https:\/\/autopecasanhanguera.com.br\/index.php\/wp-json\/wp\/v2\/product_tag?post=2570"}],"curies":[{"name":"wp","href":"https:\/\/api.w.org\/{rel}","templated":true}]}}