{"id":2628,"date":"2022-11-23T21:12:40","date_gmt":"2022-11-23T21:12:40","guid":{"rendered":"https:\/\/autopecasanhanguera.com.br\/?post_type=product&#038;p=2628"},"modified":"2022-11-23T21:12:40","modified_gmt":"2022-11-23T21:12:40","slug":"reparo-caixa-direcao-escort-93","status":"publish","type":"product","link":"https:\/\/autopecasanhanguera.com.br\/index.php\/product\/reparo-caixa-direcao-escort-93\/","title":{"rendered":"REPARO CAIXA DIRECAO ESCORT 93"},"content":{"rendered":"<p>DESCRI\u00c7\u00c3O= REPARO CAIXA DIRECAO ESCORT 93 C\u00d3DIGO DO FABRICANTE= 921034 20517 2809 MARCA = BARATAO KIT CIA SAMP<\/p>\n","protected":false},"excerpt":{"rendered":"<p>DESCRI\u00c7\u00c3O= REPARO CAIXA DIRECAO ESCORT 93 C\u00d3DIGO DO FABRICANTE= 921034 20517 2809 MARCA = BARATAO KIT CIA SAMP<\/p>\n","protected":false},"featured_media":0,"template":"","meta":{"om_disable_all_campaigns":false,"_monsterinsights_skip_tracking":false,"_monsterinsights_sitenote_active":false,"_monsterinsights_sitenote_note":"","_monsterinsights_sitenote_category":0},"product_cat":[92],"product_tag":[],"aioseo_notices":[],"_links":{"self":[{"href":"https:\/\/autopecasanhanguera.com.br\/index.php\/wp-json\/wp\/v2\/product\/2628"}],"collection":[{"href":"https:\/\/autopecasanhanguera.com.br\/index.php\/wp-json\/wp\/v2\/product"}],"about":[{"href":"https:\/\/autopecasanhanguera.com.br\/index.php\/wp-json\/wp\/v2\/types\/product"}],"wp:attachment":[{"href":"https:\/\/autopecasanhanguera.com.br\/index.php\/wp-json\/wp\/v2\/media?parent=2628"}],"wp:term":[{"taxonomy":"product_cat","embeddable":true,"href":"https:\/\/autopecasanhanguera.com.br\/index.php\/wp-json\/wp\/v2\/product_cat?post=2628"},{"taxonomy":"product_tag","embeddable":true,"href":"https:\/\/autopecasanhanguera.com.br\/index.php\/wp-json\/wp\/v2\/product_tag?post=2628"}],"curies":[{"name":"wp","href":"https:\/\/api.w.org\/{rel}","templated":true}]}}