{"id":2702,"date":"2022-11-23T21:12:50","date_gmt":"2022-11-23T21:12:50","guid":{"rendered":"https:\/\/autopecasanhanguera.com.br\/?post_type=product&#038;p=2702"},"modified":"2022-11-23T21:12:50","modified_gmt":"2022-11-23T21:12:50","slug":"fecho-capu-diant-sedan-1300-a","status":"publish","type":"product","link":"https:\/\/autopecasanhanguera.com.br\/index.php\/product\/fecho-capu-diant-sedan-1300-a\/","title":{"rendered":"FECHO CAPU DIANT SEDAN 1300 A"},"content":{"rendered":"<p>DESCRI\u00c7\u00c3O= FECHO CAPU DIANT SEDAN 1300 A C\u00d3DIGO DO FABRICANTE= 1336**43*** MARCA = ZIGII<\/p>\n","protected":false},"excerpt":{"rendered":"<p>DESCRI\u00c7\u00c3O= FECHO CAPU DIANT SEDAN 1300 A C\u00d3DIGO DO FABRICANTE= 1336**43*** MARCA = ZIGII<\/p>\n","protected":false},"featured_media":0,"template":"","meta":{"om_disable_all_campaigns":false,"_monsterinsights_skip_tracking":false,"_monsterinsights_sitenote_active":false,"_monsterinsights_sitenote_note":"","_monsterinsights_sitenote_category":0},"product_cat":[89],"product_tag":[],"aioseo_notices":[],"_links":{"self":[{"href":"https:\/\/autopecasanhanguera.com.br\/index.php\/wp-json\/wp\/v2\/product\/2702"}],"collection":[{"href":"https:\/\/autopecasanhanguera.com.br\/index.php\/wp-json\/wp\/v2\/product"}],"about":[{"href":"https:\/\/autopecasanhanguera.com.br\/index.php\/wp-json\/wp\/v2\/types\/product"}],"wp:attachment":[{"href":"https:\/\/autopecasanhanguera.com.br\/index.php\/wp-json\/wp\/v2\/media?parent=2702"}],"wp:term":[{"taxonomy":"product_cat","embeddable":true,"href":"https:\/\/autopecasanhanguera.com.br\/index.php\/wp-json\/wp\/v2\/product_cat?post=2702"},{"taxonomy":"product_tag","embeddable":true,"href":"https:\/\/autopecasanhanguera.com.br\/index.php\/wp-json\/wp\/v2\/product_tag?post=2702"}],"curies":[{"name":"wp","href":"https:\/\/api.w.org\/{rel}","templated":true}]}}