{"id":2740,"date":"2022-11-23T21:12:56","date_gmt":"2022-11-23T21:12:56","guid":{"rendered":"https:\/\/autopecasanhanguera.com.br\/?post_type=product&#038;p=2740"},"modified":"2022-11-23T21:12:56","modified_gmt":"2022-11-23T21:12:56","slug":"retentor-roda-diant-chevete-73","status":"publish","type":"product","link":"https:\/\/autopecasanhanguera.com.br\/index.php\/product\/retentor-roda-diant-chevete-73\/","title":{"rendered":"RETENTOR RODA DIANT CHEVETE 73"},"content":{"rendered":"<p>DESCRI\u00c7\u00c3O= RETENTOR RODA DIANT CHEVETE 73 C\u00d3DIGO DO FABRICANTE= 1850BR 6108ECOLOGIGA MARCA = SABO<\/p>\n","protected":false},"excerpt":{"rendered":"<p>DESCRI\u00c7\u00c3O= RETENTOR RODA DIANT CHEVETE 73 C\u00d3DIGO DO FABRICANTE= 1850BR 6108ECOLOGIGA MARCA = SABO<\/p>\n","protected":false},"featured_media":0,"template":"","meta":{"om_disable_all_campaigns":false,"_monsterinsights_skip_tracking":false,"_monsterinsights_sitenote_active":false,"_monsterinsights_sitenote_note":"","_monsterinsights_sitenote_category":0},"product_cat":[209],"product_tag":[],"aioseo_notices":[],"_links":{"self":[{"href":"https:\/\/autopecasanhanguera.com.br\/index.php\/wp-json\/wp\/v2\/product\/2740"}],"collection":[{"href":"https:\/\/autopecasanhanguera.com.br\/index.php\/wp-json\/wp\/v2\/product"}],"about":[{"href":"https:\/\/autopecasanhanguera.com.br\/index.php\/wp-json\/wp\/v2\/types\/product"}],"wp:attachment":[{"href":"https:\/\/autopecasanhanguera.com.br\/index.php\/wp-json\/wp\/v2\/media?parent=2740"}],"wp:term":[{"taxonomy":"product_cat","embeddable":true,"href":"https:\/\/autopecasanhanguera.com.br\/index.php\/wp-json\/wp\/v2\/product_cat?post=2740"},{"taxonomy":"product_tag","embeddable":true,"href":"https:\/\/autopecasanhanguera.com.br\/index.php\/wp-json\/wp\/v2\/product_tag?post=2740"}],"curies":[{"name":"wp","href":"https:\/\/api.w.org\/{rel}","templated":true}]}}