{"id":2752,"date":"2022-11-23T21:12:58","date_gmt":"2022-11-23T21:12:58","guid":{"rendered":"https:\/\/autopecasanhanguera.com.br\/?post_type=product&#038;p=2752"},"modified":"2022-11-23T21:12:58","modified_gmt":"2022-11-23T21:12:58","slug":"agulha-boia-sol-carb-sedan-pst","status":"publish","type":"product","link":"https:\/\/autopecasanhanguera.com.br\/index.php\/product\/agulha-boia-sol-carb-sedan-pst\/","title":{"rendered":"AGULHA BOIA SOL CARB SEDAN PST"},"content":{"rendered":"<p>DESCRI\u00c7\u00c3O= AGULHA BOIA SOL CARB SEDAN PST C\u00d3DIGO DO FABRICANTE= DS-1030\/4340159NEW MARCA = SIGA<\/p>\n","protected":false},"excerpt":{"rendered":"<p>DESCRI\u00c7\u00c3O= AGULHA BOIA SOL CARB SEDAN PST C\u00d3DIGO DO FABRICANTE= DS-1030\/4340159NEW MARCA = SIGA<\/p>\n","protected":false},"featured_media":0,"template":"","meta":{"om_disable_all_campaigns":false,"_monsterinsights_skip_tracking":false,"_monsterinsights_sitenote_active":false,"_monsterinsights_sitenote_note":"","_monsterinsights_sitenote_category":0},"product_cat":[300],"product_tag":[],"aioseo_notices":[],"_links":{"self":[{"href":"https:\/\/autopecasanhanguera.com.br\/index.php\/wp-json\/wp\/v2\/product\/2752"}],"collection":[{"href":"https:\/\/autopecasanhanguera.com.br\/index.php\/wp-json\/wp\/v2\/product"}],"about":[{"href":"https:\/\/autopecasanhanguera.com.br\/index.php\/wp-json\/wp\/v2\/types\/product"}],"wp:attachment":[{"href":"https:\/\/autopecasanhanguera.com.br\/index.php\/wp-json\/wp\/v2\/media?parent=2752"}],"wp:term":[{"taxonomy":"product_cat","embeddable":true,"href":"https:\/\/autopecasanhanguera.com.br\/index.php\/wp-json\/wp\/v2\/product_cat?post=2752"},{"taxonomy":"product_tag","embeddable":true,"href":"https:\/\/autopecasanhanguera.com.br\/index.php\/wp-json\/wp\/v2\/product_tag?post=2752"}],"curies":[{"name":"wp","href":"https:\/\/api.w.org\/{rel}","templated":true}]}}