{"id":2805,"date":"2022-11-23T21:13:06","date_gmt":"2022-11-23T21:13:06","guid":{"rendered":"https:\/\/autopecasanhanguera.com.br\/?post_type=product&#038;p=2805"},"modified":"2022-11-23T21:13:06","modified_gmt":"2022-11-23T21:13:06","slug":"bucha-eixo-diant-vw-kombi","status":"publish","type":"product","link":"https:\/\/autopecasanhanguera.com.br\/index.php\/product\/bucha-eixo-diant-vw-kombi\/","title":{"rendered":"BUCHA EIXO DIANT VW KOMBI"},"content":{"rendered":"<p>DESCRI\u00c7\u00c3O= BUCHA EIXO DIANT VW KOMBI C\u00d3DIGO DO FABRICANTE= 211401311**43** MARCA = VW<\/p>\n","protected":false},"excerpt":{"rendered":"<p>DESCRI\u00c7\u00c3O= BUCHA EIXO DIANT VW KOMBI C\u00d3DIGO DO FABRICANTE= 211401311**43** MARCA = VW<\/p>\n","protected":false},"featured_media":0,"template":"","meta":{"om_disable_all_campaigns":false,"_monsterinsights_skip_tracking":false,"_monsterinsights_sitenote_active":false,"_monsterinsights_sitenote_note":"","_monsterinsights_sitenote_category":0},"product_cat":[92],"product_tag":[],"aioseo_notices":[],"_links":{"self":[{"href":"https:\/\/autopecasanhanguera.com.br\/index.php\/wp-json\/wp\/v2\/product\/2805"}],"collection":[{"href":"https:\/\/autopecasanhanguera.com.br\/index.php\/wp-json\/wp\/v2\/product"}],"about":[{"href":"https:\/\/autopecasanhanguera.com.br\/index.php\/wp-json\/wp\/v2\/types\/product"}],"wp:attachment":[{"href":"https:\/\/autopecasanhanguera.com.br\/index.php\/wp-json\/wp\/v2\/media?parent=2805"}],"wp:term":[{"taxonomy":"product_cat","embeddable":true,"href":"https:\/\/autopecasanhanguera.com.br\/index.php\/wp-json\/wp\/v2\/product_cat?post=2805"},{"taxonomy":"product_tag","embeddable":true,"href":"https:\/\/autopecasanhanguera.com.br\/index.php\/wp-json\/wp\/v2\/product_tag?post=2805"}],"curies":[{"name":"wp","href":"https:\/\/api.w.org\/{rel}","templated":true}]}}