{"id":2862,"date":"2022-11-23T21:13:14","date_gmt":"2022-11-23T21:13:14","guid":{"rendered":"https:\/\/autopecasanhanguera.com.br\/?post_type=product&#038;p=2862"},"modified":"2022-11-23T21:13:14","modified_gmt":"2022-11-23T21:13:14","slug":"terminal-bateria-ponteira-gros","status":"publish","type":"product","link":"https:\/\/autopecasanhanguera.com.br\/index.php\/product\/terminal-bateria-ponteira-gros\/","title":{"rendered":"TERMINAL BATERIA PONTEIRA GROS"},"content":{"rendered":"<p>DESCRI\u00c7\u00c3O= TERMINAL BATERIA PONTEIRA GROS C\u00d3DIGO DO FABRICANTE= 0486106 CEL135 MARCA = CINAP AUTOMOTIVA<\/p>\n","protected":false},"excerpt":{"rendered":"<p>DESCRI\u00c7\u00c3O= TERMINAL BATERIA PONTEIRA GROS C\u00d3DIGO DO FABRICANTE= 0486106 CEL135 MARCA = CINAP AUTOMOTIVA<\/p>\n","protected":false},"featured_media":0,"template":"","meta":{"om_disable_all_campaigns":false,"_monsterinsights_skip_tracking":false,"_monsterinsights_sitenote_active":false,"_monsterinsights_sitenote_note":"","_monsterinsights_sitenote_category":0},"product_cat":[336],"product_tag":[],"aioseo_notices":[],"_links":{"self":[{"href":"https:\/\/autopecasanhanguera.com.br\/index.php\/wp-json\/wp\/v2\/product\/2862"}],"collection":[{"href":"https:\/\/autopecasanhanguera.com.br\/index.php\/wp-json\/wp\/v2\/product"}],"about":[{"href":"https:\/\/autopecasanhanguera.com.br\/index.php\/wp-json\/wp\/v2\/types\/product"}],"wp:attachment":[{"href":"https:\/\/autopecasanhanguera.com.br\/index.php\/wp-json\/wp\/v2\/media?parent=2862"}],"wp:term":[{"taxonomy":"product_cat","embeddable":true,"href":"https:\/\/autopecasanhanguera.com.br\/index.php\/wp-json\/wp\/v2\/product_cat?post=2862"},{"taxonomy":"product_tag","embeddable":true,"href":"https:\/\/autopecasanhanguera.com.br\/index.php\/wp-json\/wp\/v2\/product_tag?post=2862"}],"curies":[{"name":"wp","href":"https:\/\/api.w.org\/{rel}","templated":true}]}}