{"id":2871,"date":"2022-11-23T21:13:17","date_gmt":"2022-11-23T21:13:17","guid":{"rendered":"https:\/\/autopecasanhanguera.com.br\/?post_type=product&#038;p=2871"},"modified":"2022-11-23T21:13:17","modified_gmt":"2022-11-23T21:13:17","slug":"junta-cambio-gol-santana-voy-p","status":"publish","type":"product","link":"https:\/\/autopecasanhanguera.com.br\/index.php\/product\/junta-cambio-gol-santana-voy-p\/","title":{"rendered":"JUNTA CAMBIO GOL SANTANA VOY P"},"content":{"rendered":"<p>DESCRI\u00c7\u00c3O= JUNTA CAMBIO GOL SANTANA VOY P C\u00d3DIGO DO FABRICANTE= 30330A 2573 MARCA = BRASMECK PATRAL<\/p>\n","protected":false},"excerpt":{"rendered":"<p>DESCRI\u00c7\u00c3O= JUNTA CAMBIO GOL SANTANA VOY P C\u00d3DIGO DO FABRICANTE= 30330A 2573 MARCA = BRASMECK PATRAL<\/p>\n","protected":false},"featured_media":0,"template":"","meta":{"om_disable_all_campaigns":false,"_monsterinsights_skip_tracking":false,"_monsterinsights_sitenote_active":false,"_monsterinsights_sitenote_note":"","_monsterinsights_sitenote_category":0},"product_cat":[241],"product_tag":[],"aioseo_notices":[],"_links":{"self":[{"href":"https:\/\/autopecasanhanguera.com.br\/index.php\/wp-json\/wp\/v2\/product\/2871"}],"collection":[{"href":"https:\/\/autopecasanhanguera.com.br\/index.php\/wp-json\/wp\/v2\/product"}],"about":[{"href":"https:\/\/autopecasanhanguera.com.br\/index.php\/wp-json\/wp\/v2\/types\/product"}],"wp:attachment":[{"href":"https:\/\/autopecasanhanguera.com.br\/index.php\/wp-json\/wp\/v2\/media?parent=2871"}],"wp:term":[{"taxonomy":"product_cat","embeddable":true,"href":"https:\/\/autopecasanhanguera.com.br\/index.php\/wp-json\/wp\/v2\/product_cat?post=2871"},{"taxonomy":"product_tag","embeddable":true,"href":"https:\/\/autopecasanhanguera.com.br\/index.php\/wp-json\/wp\/v2\/product_tag?post=2871"}],"curies":[{"name":"wp","href":"https:\/\/api.w.org\/{rel}","templated":true}]}}