{"id":2898,"date":"2022-11-23T21:13:21","date_gmt":"2022-11-23T21:13:21","guid":{"rendered":"https:\/\/autopecasanhanguera.com.br\/?post_type=product&#038;p=2898"},"modified":"2022-11-23T21:13:21","modified_gmt":"2022-11-23T21:13:21","slug":"coxim-escapamento-uno-147-dian","status":"publish","type":"product","link":"https:\/\/autopecasanhanguera.com.br\/index.php\/product\/coxim-escapamento-uno-147-dian\/","title":{"rendered":"COXIM ESCAPAMENTO UNO 147 DIAN"},"content":{"rendered":"<p>DESCRI\u00c7\u00c3O= COXIM ESCAPAMENTO UNO 147 DIAN C\u00d3DIGO DO FABRICANTE= MB-406*43*5UN** MARCA = MOBEN<\/p>\n","protected":false},"excerpt":{"rendered":"<p>DESCRI\u00c7\u00c3O= COXIM ESCAPAMENTO UNO 147 DIAN C\u00d3DIGO DO FABRICANTE= MB-406*43*5UN** MARCA = MOBEN<\/p>\n","protected":false},"featured_media":0,"template":"","meta":{"om_disable_all_campaigns":false,"_monsterinsights_skip_tracking":false,"_monsterinsights_sitenote_active":false,"_monsterinsights_sitenote_note":"","_monsterinsights_sitenote_category":0},"product_cat":[142],"product_tag":[],"aioseo_notices":[],"_links":{"self":[{"href":"https:\/\/autopecasanhanguera.com.br\/index.php\/wp-json\/wp\/v2\/product\/2898"}],"collection":[{"href":"https:\/\/autopecasanhanguera.com.br\/index.php\/wp-json\/wp\/v2\/product"}],"about":[{"href":"https:\/\/autopecasanhanguera.com.br\/index.php\/wp-json\/wp\/v2\/types\/product"}],"wp:attachment":[{"href":"https:\/\/autopecasanhanguera.com.br\/index.php\/wp-json\/wp\/v2\/media?parent=2898"}],"wp:term":[{"taxonomy":"product_cat","embeddable":true,"href":"https:\/\/autopecasanhanguera.com.br\/index.php\/wp-json\/wp\/v2\/product_cat?post=2898"},{"taxonomy":"product_tag","embeddable":true,"href":"https:\/\/autopecasanhanguera.com.br\/index.php\/wp-json\/wp\/v2\/product_tag?post=2898"}],"curies":[{"name":"wp","href":"https:\/\/api.w.org\/{rel}","templated":true}]}}