{"id":294,"date":"2022-11-23T21:03:24","date_gmt":"2022-11-23T21:03:24","guid":{"rendered":"https:\/\/autopecasanhanguera.com.br\/?post_type=product&#038;p=294"},"modified":"2022-11-23T21:03:24","modified_gmt":"2022-11-23T21:03:24","slug":"haste-seletora-cambio-passat-4","status":"publish","type":"product","link":"https:\/\/autopecasanhanguera.com.br\/index.php\/product\/haste-seletora-cambio-passat-4\/","title":{"rendered":"HASTE SELETORA CAMBIO PASSAT 4"},"content":{"rendered":"<p>DESCRI\u00c7\u00c3O= HASTE SELETORA CAMBIO PASSAT 4 C\u00d3DIGO DO FABRICANTE= 014311541B**43** MARCA = VW<\/p>\n","protected":false},"excerpt":{"rendered":"<p>DESCRI\u00c7\u00c3O= HASTE SELETORA CAMBIO PASSAT 4 C\u00d3DIGO DO FABRICANTE= 014311541B**43** MARCA = VW<\/p>\n","protected":false},"featured_media":0,"template":"","meta":{"om_disable_all_campaigns":false,"_monsterinsights_skip_tracking":false,"_monsterinsights_sitenote_active":false,"_monsterinsights_sitenote_note":"","_monsterinsights_sitenote_category":0},"product_cat":[96],"product_tag":[],"aioseo_notices":[],"_links":{"self":[{"href":"https:\/\/autopecasanhanguera.com.br\/index.php\/wp-json\/wp\/v2\/product\/294"}],"collection":[{"href":"https:\/\/autopecasanhanguera.com.br\/index.php\/wp-json\/wp\/v2\/product"}],"about":[{"href":"https:\/\/autopecasanhanguera.com.br\/index.php\/wp-json\/wp\/v2\/types\/product"}],"wp:attachment":[{"href":"https:\/\/autopecasanhanguera.com.br\/index.php\/wp-json\/wp\/v2\/media?parent=294"}],"wp:term":[{"taxonomy":"product_cat","embeddable":true,"href":"https:\/\/autopecasanhanguera.com.br\/index.php\/wp-json\/wp\/v2\/product_cat?post=294"},{"taxonomy":"product_tag","embeddable":true,"href":"https:\/\/autopecasanhanguera.com.br\/index.php\/wp-json\/wp\/v2\/product_tag?post=294"}],"curies":[{"name":"wp","href":"https:\/\/api.w.org\/{rel}","templated":true}]}}