{"id":2969,"date":"2022-11-23T21:13:32","date_gmt":"2022-11-23T21:13:32","guid":{"rendered":"https:\/\/autopecasanhanguera.com.br\/?post_type=product&#038;p=2969"},"modified":"2022-11-23T21:13:32","modified_gmt":"2022-11-23T21:13:32","slug":"trava-pastilha-corsa-celta-mon","status":"publish","type":"product","link":"https:\/\/autopecasanhanguera.com.br\/index.php\/product\/trava-pastilha-corsa-celta-mon\/","title":{"rendered":"TRAVA PASTILHA CORSA CELTA MON"},"content":{"rendered":"<p>DESCRI\u00c7\u00c3O= TRAVA PASTILHA CORSA CELTA MON C\u00d3DIGO DO FABRICANTE= 5503018 MARCA = MASTER VW<\/p>\n","protected":false},"excerpt":{"rendered":"<p>DESCRI\u00c7\u00c3O= TRAVA PASTILHA CORSA CELTA MON C\u00d3DIGO DO FABRICANTE= 5503018 MARCA = MASTER VW<\/p>\n","protected":false},"featured_media":0,"template":"","meta":{"om_disable_all_campaigns":false,"_monsterinsights_skip_tracking":false,"_monsterinsights_sitenote_active":false,"_monsterinsights_sitenote_note":"","_monsterinsights_sitenote_category":0},"product_cat":[99],"product_tag":[],"aioseo_notices":[],"_links":{"self":[{"href":"https:\/\/autopecasanhanguera.com.br\/index.php\/wp-json\/wp\/v2\/product\/2969"}],"collection":[{"href":"https:\/\/autopecasanhanguera.com.br\/index.php\/wp-json\/wp\/v2\/product"}],"about":[{"href":"https:\/\/autopecasanhanguera.com.br\/index.php\/wp-json\/wp\/v2\/types\/product"}],"wp:attachment":[{"href":"https:\/\/autopecasanhanguera.com.br\/index.php\/wp-json\/wp\/v2\/media?parent=2969"}],"wp:term":[{"taxonomy":"product_cat","embeddable":true,"href":"https:\/\/autopecasanhanguera.com.br\/index.php\/wp-json\/wp\/v2\/product_cat?post=2969"},{"taxonomy":"product_tag","embeddable":true,"href":"https:\/\/autopecasanhanguera.com.br\/index.php\/wp-json\/wp\/v2\/product_tag?post=2969"}],"curies":[{"name":"wp","href":"https:\/\/api.w.org\/{rel}","templated":true}]}}