{"id":3111,"date":"2022-11-23T21:13:48","date_gmt":"2022-11-23T21:13:48","guid":{"rendered":"https:\/\/autopecasanhanguera.com.br\/?post_type=product&#038;p=3111"},"modified":"2022-11-23T21:13:48","modified_gmt":"2022-11-23T21:13:48","slug":"tubo-circulacao-agua-gol-mt-at","status":"publish","type":"product","link":"https:\/\/autopecasanhanguera.com.br\/index.php\/product\/tubo-circulacao-agua-gol-mt-at\/","title":{"rendered":"TUBO CIRCULACAO AGUA GOL MT AT"},"content":{"rendered":"<p>DESCRI\u00c7\u00c3O= TUBO CIRCULACAO AGUA GOL MT AT C\u00d3DIGO DO FABRICANTE= 1518 VW-1175 MARCA = DOFAB<\/p>\n","protected":false},"excerpt":{"rendered":"<p>DESCRI\u00c7\u00c3O= TUBO CIRCULACAO AGUA GOL MT AT C\u00d3DIGO DO FABRICANTE= 1518 VW-1175 MARCA = DOFAB<\/p>\n","protected":false},"featured_media":0,"template":"","meta":{"om_disable_all_campaigns":false,"_monsterinsights_skip_tracking":false,"_monsterinsights_sitenote_active":false,"_monsterinsights_sitenote_note":"","_monsterinsights_sitenote_category":0},"product_cat":[109],"product_tag":[],"aioseo_notices":[],"_links":{"self":[{"href":"https:\/\/autopecasanhanguera.com.br\/index.php\/wp-json\/wp\/v2\/product\/3111"}],"collection":[{"href":"https:\/\/autopecasanhanguera.com.br\/index.php\/wp-json\/wp\/v2\/product"}],"about":[{"href":"https:\/\/autopecasanhanguera.com.br\/index.php\/wp-json\/wp\/v2\/types\/product"}],"wp:attachment":[{"href":"https:\/\/autopecasanhanguera.com.br\/index.php\/wp-json\/wp\/v2\/media?parent=3111"}],"wp:term":[{"taxonomy":"product_cat","embeddable":true,"href":"https:\/\/autopecasanhanguera.com.br\/index.php\/wp-json\/wp\/v2\/product_cat?post=3111"},{"taxonomy":"product_tag","embeddable":true,"href":"https:\/\/autopecasanhanguera.com.br\/index.php\/wp-json\/wp\/v2\/product_tag?post=3111"}],"curies":[{"name":"wp","href":"https:\/\/api.w.org\/{rel}","templated":true}]}}