{"id":3194,"date":"2022-11-23T21:13:59","date_gmt":"2022-11-23T21:13:59","guid":{"rendered":"https:\/\/autopecasanhanguera.com.br\/?post_type=product&#038;p=3194"},"modified":"2022-11-23T21:13:59","modified_gmt":"2022-11-23T21:13:59","slug":"bucha-trambulador-corsa-celta","status":"publish","type":"product","link":"https:\/\/autopecasanhanguera.com.br\/index.php\/product\/bucha-trambulador-corsa-celta\/","title":{"rendered":"BUCHA TRAMBULADOR CORSA CELTA"},"content":{"rendered":"<p>DESCRI\u00c7\u00c3O= BUCHA TRAMBULADOR CORSA CELTA C\u00d3DIGO DO FABRICANTE= 4591204000 MARCA = WB<\/p>\n","protected":false},"excerpt":{"rendered":"<p>DESCRI\u00c7\u00c3O= BUCHA TRAMBULADOR CORSA CELTA C\u00d3DIGO DO FABRICANTE= 4591204000 MARCA = WB<\/p>\n","protected":false},"featured_media":0,"template":"","meta":{"om_disable_all_campaigns":false,"_monsterinsights_skip_tracking":false,"_monsterinsights_sitenote_active":false,"_monsterinsights_sitenote_note":"","_monsterinsights_sitenote_category":0},"product_cat":[205],"product_tag":[],"aioseo_notices":[],"_links":{"self":[{"href":"https:\/\/autopecasanhanguera.com.br\/index.php\/wp-json\/wp\/v2\/product\/3194"}],"collection":[{"href":"https:\/\/autopecasanhanguera.com.br\/index.php\/wp-json\/wp\/v2\/product"}],"about":[{"href":"https:\/\/autopecasanhanguera.com.br\/index.php\/wp-json\/wp\/v2\/types\/product"}],"wp:attachment":[{"href":"https:\/\/autopecasanhanguera.com.br\/index.php\/wp-json\/wp\/v2\/media?parent=3194"}],"wp:term":[{"taxonomy":"product_cat","embeddable":true,"href":"https:\/\/autopecasanhanguera.com.br\/index.php\/wp-json\/wp\/v2\/product_cat?post=3194"},{"taxonomy":"product_tag","embeddable":true,"href":"https:\/\/autopecasanhanguera.com.br\/index.php\/wp-json\/wp\/v2\/product_tag?post=3194"}],"curies":[{"name":"wp","href":"https:\/\/api.w.org\/{rel}","templated":true}]}}