{"id":3197,"date":"2022-11-23T21:13:59","date_gmt":"2022-11-23T21:13:59","guid":{"rendered":"https:\/\/autopecasanhanguera.com.br\/?post_type=product&#038;p=3197"},"modified":"2022-11-23T21:13:59","modified_gmt":"2022-11-23T21:13:59","slug":"suporte-pneu-estepe-gol-bx-rod","status":"publish","type":"product","link":"https:\/\/autopecasanhanguera.com.br\/index.php\/product\/suporte-pneu-estepe-gol-bx-rod\/","title":{"rendered":"SUPORTE PNEU ESTEPE GOL BX ROD"},"content":{"rendered":"<p>DESCRI\u00c7\u00c3O= SUPORTE PNEU ESTEPE GOL BX ROD C\u00d3DIGO DO FABRICANTE= 3056019912 ***43*** MARCA = VW<\/p>\n","protected":false},"excerpt":{"rendered":"<p>DESCRI\u00c7\u00c3O= SUPORTE PNEU ESTEPE GOL BX ROD C\u00d3DIGO DO FABRICANTE= 3056019912 ***43*** MARCA = VW<\/p>\n","protected":false},"featured_media":0,"template":"","meta":{"om_disable_all_campaigns":false,"_monsterinsights_skip_tracking":false,"_monsterinsights_sitenote_active":false,"_monsterinsights_sitenote_note":"","_monsterinsights_sitenote_category":0},"product_cat":[479],"product_tag":[],"aioseo_notices":[],"_links":{"self":[{"href":"https:\/\/autopecasanhanguera.com.br\/index.php\/wp-json\/wp\/v2\/product\/3197"}],"collection":[{"href":"https:\/\/autopecasanhanguera.com.br\/index.php\/wp-json\/wp\/v2\/product"}],"about":[{"href":"https:\/\/autopecasanhanguera.com.br\/index.php\/wp-json\/wp\/v2\/types\/product"}],"wp:attachment":[{"href":"https:\/\/autopecasanhanguera.com.br\/index.php\/wp-json\/wp\/v2\/media?parent=3197"}],"wp:term":[{"taxonomy":"product_cat","embeddable":true,"href":"https:\/\/autopecasanhanguera.com.br\/index.php\/wp-json\/wp\/v2\/product_cat?post=3197"},{"taxonomy":"product_tag","embeddable":true,"href":"https:\/\/autopecasanhanguera.com.br\/index.php\/wp-json\/wp\/v2\/product_tag?post=3197"}],"curies":[{"name":"wp","href":"https:\/\/api.w.org\/{rel}","templated":true}]}}