{"id":325,"date":"2022-11-23T21:03:30","date_gmt":"2022-11-23T21:03:30","guid":{"rendered":"https:\/\/autopecasanhanguera.com.br\/?post_type=product&#038;p=325"},"modified":"2022-11-23T21:03:30","modified_gmt":"2022-11-23T21:03:30","slug":"gigle-marcha-lenta","status":"publish","type":"product","link":"https:\/\/autopecasanhanguera.com.br\/index.php\/product\/gigle-marcha-lenta\/","title":{"rendered":"GIGLE MARCHA LENTA"},"content":{"rendered":"<p>DESCRI\u00c7\u00c3O= GIGLE MARCHA LENTA C\u00d3DIGO DO FABRICANTE= 113129415G***43*** MARCA = VW<\/p>\n","protected":false},"excerpt":{"rendered":"<p>DESCRI\u00c7\u00c3O= GIGLE MARCHA LENTA C\u00d3DIGO DO FABRICANTE= 113129415G***43*** MARCA = VW<\/p>\n","protected":false},"featured_media":0,"template":"","meta":{"om_disable_all_campaigns":false,"_monsterinsights_skip_tracking":false,"_monsterinsights_sitenote_active":false,"_monsterinsights_sitenote_note":"","_monsterinsights_sitenote_category":0},"product_cat":[300],"product_tag":[],"aioseo_notices":[],"_links":{"self":[{"href":"https:\/\/autopecasanhanguera.com.br\/index.php\/wp-json\/wp\/v2\/product\/325"}],"collection":[{"href":"https:\/\/autopecasanhanguera.com.br\/index.php\/wp-json\/wp\/v2\/product"}],"about":[{"href":"https:\/\/autopecasanhanguera.com.br\/index.php\/wp-json\/wp\/v2\/types\/product"}],"wp:attachment":[{"href":"https:\/\/autopecasanhanguera.com.br\/index.php\/wp-json\/wp\/v2\/media?parent=325"}],"wp:term":[{"taxonomy":"product_cat","embeddable":true,"href":"https:\/\/autopecasanhanguera.com.br\/index.php\/wp-json\/wp\/v2\/product_cat?post=325"},{"taxonomy":"product_tag","embeddable":true,"href":"https:\/\/autopecasanhanguera.com.br\/index.php\/wp-json\/wp\/v2\/product_tag?post=325"}],"curies":[{"name":"wp","href":"https:\/\/api.w.org\/{rel}","templated":true}]}}