{"id":3308,"date":"2022-11-23T21:14:09","date_gmt":"2022-11-23T21:14:09","guid":{"rendered":"https:\/\/autopecasanhanguera.com.br\/?post_type=product&#038;p=3308"},"modified":"2022-11-23T21:14:09","modified_gmt":"2022-11-23T21:14:09","slug":"maquina-vidro-fiat-147-tds-esq","status":"publish","type":"product","link":"https:\/\/autopecasanhanguera.com.br\/index.php\/product\/maquina-vidro-fiat-147-tds-esq\/","title":{"rendered":"MAQUINA VIDRO FIAT 147 TDS ESQ"},"content":{"rendered":"<p>DESCRI\u00c7\u00c3O= MAQUINA VIDRO FIAT 147 TDS ESQ C\u00d3DIGO DO FABRICANTE= 25175\/R111 MARCA = DESTAQUE\/ZINNI<\/p>\n","protected":false},"excerpt":{"rendered":"<p>DESCRI\u00c7\u00c3O= MAQUINA VIDRO FIAT 147 TDS ESQ C\u00d3DIGO DO FABRICANTE= 25175\/R111 MARCA = DESTAQUE\/ZINNI<\/p>\n","protected":false},"featured_media":0,"template":"","meta":{"om_disable_all_campaigns":false,"_monsterinsights_skip_tracking":false,"_monsterinsights_sitenote_active":false,"_monsterinsights_sitenote_note":"","_monsterinsights_sitenote_category":0},"product_cat":[89],"product_tag":[],"aioseo_notices":[],"_links":{"self":[{"href":"https:\/\/autopecasanhanguera.com.br\/index.php\/wp-json\/wp\/v2\/product\/3308"}],"collection":[{"href":"https:\/\/autopecasanhanguera.com.br\/index.php\/wp-json\/wp\/v2\/product"}],"about":[{"href":"https:\/\/autopecasanhanguera.com.br\/index.php\/wp-json\/wp\/v2\/types\/product"}],"wp:attachment":[{"href":"https:\/\/autopecasanhanguera.com.br\/index.php\/wp-json\/wp\/v2\/media?parent=3308"}],"wp:term":[{"taxonomy":"product_cat","embeddable":true,"href":"https:\/\/autopecasanhanguera.com.br\/index.php\/wp-json\/wp\/v2\/product_cat?post=3308"},{"taxonomy":"product_tag","embeddable":true,"href":"https:\/\/autopecasanhanguera.com.br\/index.php\/wp-json\/wp\/v2\/product_tag?post=3308"}],"curies":[{"name":"wp","href":"https:\/\/api.w.org\/{rel}","templated":true}]}}