{"id":3382,"date":"2022-11-23T21:14:21","date_gmt":"2022-11-23T21:14:21","guid":{"rendered":"https:\/\/autopecasanhanguera.com.br\/?post_type=product&#038;p=3382"},"modified":"2022-11-23T21:14:21","modified_gmt":"2022-11-23T21:14:21","slug":"remate-vidro-traz-movel-saveir","status":"publish","type":"product","link":"https:\/\/autopecasanhanguera.com.br\/index.php\/product\/remate-vidro-traz-movel-saveir\/","title":{"rendered":"REMATE VIDRO TRAZ MOVEL SAVEIR"},"content":{"rendered":"<p>DESCRI\u00c7\u00c3O= REMATE VIDRO TRAZ MOVEL SAVEIR C\u00d3DIGO DO FABRICANTE= 3088477611**43** MARCA = VW<\/p>\n","protected":false},"excerpt":{"rendered":"<p>DESCRI\u00c7\u00c3O= REMATE VIDRO TRAZ MOVEL SAVEIR C\u00d3DIGO DO FABRICANTE= 3088477611**43** MARCA = VW<\/p>\n","protected":false},"featured_media":0,"template":"","meta":{"om_disable_all_campaigns":false,"_monsterinsights_skip_tracking":false,"_monsterinsights_sitenote_active":false,"_monsterinsights_sitenote_note":"","_monsterinsights_sitenote_category":0},"product_cat":[105],"product_tag":[],"aioseo_notices":[],"_links":{"self":[{"href":"https:\/\/autopecasanhanguera.com.br\/index.php\/wp-json\/wp\/v2\/product\/3382"}],"collection":[{"href":"https:\/\/autopecasanhanguera.com.br\/index.php\/wp-json\/wp\/v2\/product"}],"about":[{"href":"https:\/\/autopecasanhanguera.com.br\/index.php\/wp-json\/wp\/v2\/types\/product"}],"wp:attachment":[{"href":"https:\/\/autopecasanhanguera.com.br\/index.php\/wp-json\/wp\/v2\/media?parent=3382"}],"wp:term":[{"taxonomy":"product_cat","embeddable":true,"href":"https:\/\/autopecasanhanguera.com.br\/index.php\/wp-json\/wp\/v2\/product_cat?post=3382"},{"taxonomy":"product_tag","embeddable":true,"href":"https:\/\/autopecasanhanguera.com.br\/index.php\/wp-json\/wp\/v2\/product_tag?post=3382"}],"curies":[{"name":"wp","href":"https:\/\/api.w.org\/{rel}","templated":true}]}}