{"id":3435,"date":"2022-11-23T21:14:25","date_gmt":"2022-11-23T21:14:25","guid":{"rendered":"https:\/\/autopecasanhanguera.com.br\/?post_type=product&#038;p=3435"},"modified":"2022-11-23T21:14:25","modified_gmt":"2022-11-23T21:14:25","slug":"emenda-porta-sedan-inf-vw-1300-2","status":"publish","type":"product","link":"https:\/\/autopecasanhanguera.com.br\/index.php\/product\/emenda-porta-sedan-inf-vw-1300-2\/","title":{"rendered":"EMENDA PORTA SEDAN INF VW 1300"},"content":{"rendered":"<p>DESCRI\u00c7\u00c3O= EMENDA PORTA SEDAN INF VW 1300 C\u00d3DIGO DO FABRICANTE= 3263***43*** MARCA = TRIANGULO<\/p>\n","protected":false},"excerpt":{"rendered":"<p>DESCRI\u00c7\u00c3O= EMENDA PORTA SEDAN INF VW 1300 C\u00d3DIGO DO FABRICANTE= 3263***43*** MARCA = TRIANGULO<\/p>\n","protected":false},"featured_media":0,"template":"","meta":{"om_disable_all_campaigns":false,"_monsterinsights_skip_tracking":false,"_monsterinsights_sitenote_active":false,"_monsterinsights_sitenote_note":"","_monsterinsights_sitenote_category":0},"product_cat":[479],"product_tag":[],"aioseo_notices":[],"_links":{"self":[{"href":"https:\/\/autopecasanhanguera.com.br\/index.php\/wp-json\/wp\/v2\/product\/3435"}],"collection":[{"href":"https:\/\/autopecasanhanguera.com.br\/index.php\/wp-json\/wp\/v2\/product"}],"about":[{"href":"https:\/\/autopecasanhanguera.com.br\/index.php\/wp-json\/wp\/v2\/types\/product"}],"wp:attachment":[{"href":"https:\/\/autopecasanhanguera.com.br\/index.php\/wp-json\/wp\/v2\/media?parent=3435"}],"wp:term":[{"taxonomy":"product_cat","embeddable":true,"href":"https:\/\/autopecasanhanguera.com.br\/index.php\/wp-json\/wp\/v2\/product_cat?post=3435"},{"taxonomy":"product_tag","embeddable":true,"href":"https:\/\/autopecasanhanguera.com.br\/index.php\/wp-json\/wp\/v2\/product_tag?post=3435"}],"curies":[{"name":"wp","href":"https:\/\/api.w.org\/{rel}","templated":true}]}}