{"id":351,"date":"2022-11-23T21:03:36","date_gmt":"2022-11-23T21:03:36","guid":{"rendered":"https:\/\/autopecasanhanguera.com.br\/?post_type=product&#038;p=351"},"modified":"2022-11-23T21:03:36","modified_gmt":"2022-11-23T21:03:36","slug":"junta-ferro-filtro-ar-ao-carb","status":"publish","type":"product","link":"https:\/\/autopecasanhanguera.com.br\/index.php\/product\/junta-ferro-filtro-ar-ao-carb\/","title":{"rendered":"JUNTA FERRO FILTRO AR AO CARB"},"content":{"rendered":"<p>DESCRI\u00c7\u00c3O= JUNTA FERRO FILTRO AR AO CARB C\u00d3DIGO DO FABRICANTE= ZBA129645**43*** MARCA = VW<\/p>\n","protected":false},"excerpt":{"rendered":"<p>DESCRI\u00c7\u00c3O= JUNTA FERRO FILTRO AR AO CARB C\u00d3DIGO DO FABRICANTE= ZBA129645**43*** MARCA = VW<\/p>\n","protected":false},"featured_media":0,"template":"","meta":{"om_disable_all_campaigns":false,"_monsterinsights_skip_tracking":false,"_monsterinsights_sitenote_active":false,"_monsterinsights_sitenote_note":"","_monsterinsights_sitenote_category":0},"product_cat":[241],"product_tag":[],"aioseo_notices":[],"_links":{"self":[{"href":"https:\/\/autopecasanhanguera.com.br\/index.php\/wp-json\/wp\/v2\/product\/351"}],"collection":[{"href":"https:\/\/autopecasanhanguera.com.br\/index.php\/wp-json\/wp\/v2\/product"}],"about":[{"href":"https:\/\/autopecasanhanguera.com.br\/index.php\/wp-json\/wp\/v2\/types\/product"}],"wp:attachment":[{"href":"https:\/\/autopecasanhanguera.com.br\/index.php\/wp-json\/wp\/v2\/media?parent=351"}],"wp:term":[{"taxonomy":"product_cat","embeddable":true,"href":"https:\/\/autopecasanhanguera.com.br\/index.php\/wp-json\/wp\/v2\/product_cat?post=351"},{"taxonomy":"product_tag","embeddable":true,"href":"https:\/\/autopecasanhanguera.com.br\/index.php\/wp-json\/wp\/v2\/product_tag?post=351"}],"curies":[{"name":"wp","href":"https:\/\/api.w.org\/{rel}","templated":true}]}}