{"id":3525,"date":"2022-11-23T21:14:34","date_gmt":"2022-11-23T21:14:34","guid":{"rendered":"https:\/\/autopecasanhanguera.com.br\/?post_type=product&#038;p=3525"},"modified":"2022-11-23T21:14:34","modified_gmt":"2022-11-23T21:14:34","slug":"bomba-agua-mt-uno-fire-8-16val","status":"publish","type":"product","link":"https:\/\/autopecasanhanguera.com.br\/index.php\/product\/bomba-agua-mt-uno-fire-8-16val\/","title":{"rendered":"BOMBA AGUA MT UNO FIRE 8 16VAL"},"content":{"rendered":"<p>DESCRI\u00c7\u00c3O= BOMBA AGUA MT UNO FIRE 8 16VAL C\u00d3DIGO DO FABRICANTE= UB7661 BDR3215 MARCA = INDISA<\/p>\n","protected":false},"excerpt":{"rendered":"<p>DESCRI\u00c7\u00c3O= BOMBA AGUA MT UNO FIRE 8 16VAL C\u00d3DIGO DO FABRICANTE= UB7661 BDR3215 MARCA = INDISA<\/p>\n","protected":false},"featured_media":0,"template":"","meta":{"om_disable_all_campaigns":false,"_monsterinsights_skip_tracking":false,"_monsterinsights_sitenote_active":false,"_monsterinsights_sitenote_note":"","_monsterinsights_sitenote_category":0},"product_cat":[96],"product_tag":[],"aioseo_notices":[],"_links":{"self":[{"href":"https:\/\/autopecasanhanguera.com.br\/index.php\/wp-json\/wp\/v2\/product\/3525"}],"collection":[{"href":"https:\/\/autopecasanhanguera.com.br\/index.php\/wp-json\/wp\/v2\/product"}],"about":[{"href":"https:\/\/autopecasanhanguera.com.br\/index.php\/wp-json\/wp\/v2\/types\/product"}],"wp:attachment":[{"href":"https:\/\/autopecasanhanguera.com.br\/index.php\/wp-json\/wp\/v2\/media?parent=3525"}],"wp:term":[{"taxonomy":"product_cat","embeddable":true,"href":"https:\/\/autopecasanhanguera.com.br\/index.php\/wp-json\/wp\/v2\/product_cat?post=3525"},{"taxonomy":"product_tag","embeddable":true,"href":"https:\/\/autopecasanhanguera.com.br\/index.php\/wp-json\/wp\/v2\/product_tag?post=3525"}],"curies":[{"name":"wp","href":"https:\/\/api.w.org\/{rel}","templated":true}]}}