{"id":3693,"date":"2022-11-23T21:14:56","date_gmt":"2022-11-23T21:14:56","guid":{"rendered":"https:\/\/autopecasanhanguera.com.br\/?post_type=product&#038;p=3693"},"modified":"2022-11-23T21:14:56","modified_gmt":"2022-11-23T21:14:56","slug":"valvula-escape-uno-1-5-naciona","status":"publish","type":"product","link":"https:\/\/autopecasanhanguera.com.br\/index.php\/product\/valvula-escape-uno-1-5-naciona\/","title":{"rendered":"VALVULA ESCAPE UNO 1.5 NACIONA"},"content":{"rendered":"<p>DESCRI\u00c7\u00c3O= VALVULA ESCAPE UNO 1.5 NACIONA C\u00d3DIGO DO FABRICANTE= VS-2691 VS0993 VA025 MARCA = EATON TRW EATON<\/p>\n","protected":false},"excerpt":{"rendered":"<p>DESCRI\u00c7\u00c3O= VALVULA ESCAPE UNO 1.5 NACIONA C\u00d3DIGO DO FABRICANTE= VS-2691 VS0993 VA025 MARCA = EATON TRW EATON<\/p>\n","protected":false},"featured_media":0,"template":"","meta":{"om_disable_all_campaigns":false,"_monsterinsights_skip_tracking":false,"_monsterinsights_sitenote_active":false,"_monsterinsights_sitenote_note":"","_monsterinsights_sitenote_category":0},"product_cat":[96],"product_tag":[],"aioseo_notices":[],"_links":{"self":[{"href":"https:\/\/autopecasanhanguera.com.br\/index.php\/wp-json\/wp\/v2\/product\/3693"}],"collection":[{"href":"https:\/\/autopecasanhanguera.com.br\/index.php\/wp-json\/wp\/v2\/product"}],"about":[{"href":"https:\/\/autopecasanhanguera.com.br\/index.php\/wp-json\/wp\/v2\/types\/product"}],"wp:attachment":[{"href":"https:\/\/autopecasanhanguera.com.br\/index.php\/wp-json\/wp\/v2\/media?parent=3693"}],"wp:term":[{"taxonomy":"product_cat","embeddable":true,"href":"https:\/\/autopecasanhanguera.com.br\/index.php\/wp-json\/wp\/v2\/product_cat?post=3693"},{"taxonomy":"product_tag","embeddable":true,"href":"https:\/\/autopecasanhanguera.com.br\/index.php\/wp-json\/wp\/v2\/product_tag?post=3693"}],"curies":[{"name":"wp","href":"https:\/\/api.w.org\/{rel}","templated":true}]}}