{"id":375,"date":"2022-11-23T21:04:54","date_gmt":"2022-11-23T21:04:54","guid":{"rendered":"https:\/\/autopecasanhanguera.com.br\/?post_type=product&#038;p=375"},"modified":"2022-11-23T21:04:54","modified_gmt":"2022-11-23T21:04:54","slug":"mola-trava-pedal-acelerador-ko","status":"publish","type":"product","link":"https:\/\/autopecasanhanguera.com.br\/index.php\/product\/mola-trava-pedal-acelerador-ko\/","title":{"rendered":"MOLA TRAVA PEDAL ACELERADOR KO"},"content":{"rendered":"<p>DESCRI\u00c7\u00c3O= MOLA TRAVA PEDAL ACELERADOR KO C\u00d3DIGO DO FABRICANTE= 2317216171**43** MARCA = VW<\/p>\n","protected":false},"excerpt":{"rendered":"<p>DESCRI\u00c7\u00c3O= MOLA TRAVA PEDAL ACELERADOR KO C\u00d3DIGO DO FABRICANTE= 2317216171**43** MARCA = VW<\/p>\n","protected":false},"featured_media":0,"template":"","meta":{"om_disable_all_campaigns":false,"_monsterinsights_skip_tracking":false,"_monsterinsights_sitenote_active":false,"_monsterinsights_sitenote_note":"","_monsterinsights_sitenote_category":0},"product_cat":[105],"product_tag":[],"aioseo_notices":[],"_links":{"self":[{"href":"https:\/\/autopecasanhanguera.com.br\/index.php\/wp-json\/wp\/v2\/product\/375"}],"collection":[{"href":"https:\/\/autopecasanhanguera.com.br\/index.php\/wp-json\/wp\/v2\/product"}],"about":[{"href":"https:\/\/autopecasanhanguera.com.br\/index.php\/wp-json\/wp\/v2\/types\/product"}],"wp:attachment":[{"href":"https:\/\/autopecasanhanguera.com.br\/index.php\/wp-json\/wp\/v2\/media?parent=375"}],"wp:term":[{"taxonomy":"product_cat","embeddable":true,"href":"https:\/\/autopecasanhanguera.com.br\/index.php\/wp-json\/wp\/v2\/product_cat?post=375"},{"taxonomy":"product_tag","embeddable":true,"href":"https:\/\/autopecasanhanguera.com.br\/index.php\/wp-json\/wp\/v2\/product_tag?post=375"}],"curies":[{"name":"wp","href":"https:\/\/api.w.org\/{rel}","templated":true}]}}