{"id":380,"date":"2022-11-23T21:04:54","date_gmt":"2022-11-23T21:04:54","guid":{"rendered":"https:\/\/autopecasanhanguera.com.br\/?post_type=product&#038;p=380"},"modified":"2022-11-23T21:04:54","modified_gmt":"2022-11-23T21:04:54","slug":"chapa-suporte-filtro-ar-gol-bx","status":"publish","type":"product","link":"https:\/\/autopecasanhanguera.com.br\/index.php\/product\/chapa-suporte-filtro-ar-gol-bx\/","title":{"rendered":"CHAPA SUPORTE FILTRO AR GOL BX"},"content":{"rendered":"<p>DESCRI\u00c7\u00c3O= CHAPA SUPORTE FILTRO AR GOL BX C\u00d3DIGO DO FABRICANTE= 3051296971 MARCA = VW<\/p>\n","protected":false},"excerpt":{"rendered":"<p>DESCRI\u00c7\u00c3O= CHAPA SUPORTE FILTRO AR GOL BX C\u00d3DIGO DO FABRICANTE= 3051296971 MARCA = VW<\/p>\n","protected":false},"featured_media":0,"template":"","meta":{"om_disable_all_campaigns":false,"_monsterinsights_skip_tracking":false,"_monsterinsights_sitenote_active":false,"_monsterinsights_sitenote_note":"","_monsterinsights_sitenote_category":0},"product_cat":[336],"product_tag":[],"aioseo_notices":[],"_links":{"self":[{"href":"https:\/\/autopecasanhanguera.com.br\/index.php\/wp-json\/wp\/v2\/product\/380"}],"collection":[{"href":"https:\/\/autopecasanhanguera.com.br\/index.php\/wp-json\/wp\/v2\/product"}],"about":[{"href":"https:\/\/autopecasanhanguera.com.br\/index.php\/wp-json\/wp\/v2\/types\/product"}],"wp:attachment":[{"href":"https:\/\/autopecasanhanguera.com.br\/index.php\/wp-json\/wp\/v2\/media?parent=380"}],"wp:term":[{"taxonomy":"product_cat","embeddable":true,"href":"https:\/\/autopecasanhanguera.com.br\/index.php\/wp-json\/wp\/v2\/product_cat?post=380"},{"taxonomy":"product_tag","embeddable":true,"href":"https:\/\/autopecasanhanguera.com.br\/index.php\/wp-json\/wp\/v2\/product_tag?post=380"}],"curies":[{"name":"wp","href":"https:\/\/api.w.org\/{rel}","templated":true}]}}