{"id":391,"date":"2022-11-23T21:04:57","date_gmt":"2022-11-23T21:04:57","guid":{"rendered":"https:\/\/autopecasanhanguera.com.br\/?post_type=product&#038;p=391"},"modified":"2022-11-23T21:04:57","modified_gmt":"2022-11-23T21:04:57","slug":"flexivel-freio-diant-chevette","status":"publish","type":"product","link":"https:\/\/autopecasanhanguera.com.br\/index.php\/product\/flexivel-freio-diant-chevette\/","title":{"rendered":"FLEXIVEL FREIO DIANT CHEVETTE"},"content":{"rendered":"<p>DESCRI\u00c7\u00c3O= FLEXIVEL FREIO DIANT CHEVETTE C\u00d3DIGO DO FABRICANTE= 1440136 8060 MARCA = SIGA<\/p>\n","protected":false},"excerpt":{"rendered":"<p>DESCRI\u00c7\u00c3O= FLEXIVEL FREIO DIANT CHEVETTE C\u00d3DIGO DO FABRICANTE= 1440136 8060 MARCA = SIGA<\/p>\n","protected":false},"featured_media":0,"template":"","meta":{"om_disable_all_campaigns":false,"_monsterinsights_skip_tracking":false,"_monsterinsights_sitenote_active":false,"_monsterinsights_sitenote_note":"","_monsterinsights_sitenote_category":0},"product_cat":[99],"product_tag":[],"aioseo_notices":[],"_links":{"self":[{"href":"https:\/\/autopecasanhanguera.com.br\/index.php\/wp-json\/wp\/v2\/product\/391"}],"collection":[{"href":"https:\/\/autopecasanhanguera.com.br\/index.php\/wp-json\/wp\/v2\/product"}],"about":[{"href":"https:\/\/autopecasanhanguera.com.br\/index.php\/wp-json\/wp\/v2\/types\/product"}],"wp:attachment":[{"href":"https:\/\/autopecasanhanguera.com.br\/index.php\/wp-json\/wp\/v2\/media?parent=391"}],"wp:term":[{"taxonomy":"product_cat","embeddable":true,"href":"https:\/\/autopecasanhanguera.com.br\/index.php\/wp-json\/wp\/v2\/product_cat?post=391"},{"taxonomy":"product_tag","embeddable":true,"href":"https:\/\/autopecasanhanguera.com.br\/index.php\/wp-json\/wp\/v2\/product_tag?post=391"}],"curies":[{"name":"wp","href":"https:\/\/api.w.org\/{rel}","templated":true}]}}