{"id":3935,"date":"2022-11-23T21:15:24","date_gmt":"2022-11-23T21:15:24","guid":{"rendered":"https:\/\/autopecasanhanguera.com.br\/?post_type=product&#038;p=3935"},"modified":"2022-11-23T21:15:24","modified_gmt":"2022-11-23T21:15:24","slug":"cupula-alavanca-cambio-corcel","status":"publish","type":"product","link":"https:\/\/autopecasanhanguera.com.br\/index.php\/product\/cupula-alavanca-cambio-corcel\/","title":{"rendered":"CUPULA ALAVANCA CAMBIO CORCEL"},"content":{"rendered":"<p>DESCRI\u00c7\u00c3O= CUPULA ALAVANCA CAMBIO CORCEL C\u00d3DIGO DO FABRICANTE= 193214\/193215 MARCA = RENAVI<\/p>\n","protected":false},"excerpt":{"rendered":"<p>DESCRI\u00c7\u00c3O= CUPULA ALAVANCA CAMBIO CORCEL C\u00d3DIGO DO FABRICANTE= 193214\/193215 MARCA = RENAVI<\/p>\n","protected":false},"featured_media":0,"template":"","meta":{"om_disable_all_campaigns":false,"_monsterinsights_skip_tracking":false,"_monsterinsights_sitenote_active":false,"_monsterinsights_sitenote_note":"","_monsterinsights_sitenote_category":0},"product_cat":[205],"product_tag":[],"aioseo_notices":[],"_links":{"self":[{"href":"https:\/\/autopecasanhanguera.com.br\/index.php\/wp-json\/wp\/v2\/product\/3935"}],"collection":[{"href":"https:\/\/autopecasanhanguera.com.br\/index.php\/wp-json\/wp\/v2\/product"}],"about":[{"href":"https:\/\/autopecasanhanguera.com.br\/index.php\/wp-json\/wp\/v2\/types\/product"}],"wp:attachment":[{"href":"https:\/\/autopecasanhanguera.com.br\/index.php\/wp-json\/wp\/v2\/media?parent=3935"}],"wp:term":[{"taxonomy":"product_cat","embeddable":true,"href":"https:\/\/autopecasanhanguera.com.br\/index.php\/wp-json\/wp\/v2\/product_cat?post=3935"},{"taxonomy":"product_tag","embeddable":true,"href":"https:\/\/autopecasanhanguera.com.br\/index.php\/wp-json\/wp\/v2\/product_tag?post=3935"}],"curies":[{"name":"wp","href":"https:\/\/api.w.org\/{rel}","templated":true}]}}