{"id":4024,"date":"2022-11-23T21:15:35","date_gmt":"2022-11-23T21:15:35","guid":{"rendered":"https:\/\/autopecasanhanguera.com.br\/?post_type=product&#038;p=4024"},"modified":"2022-11-23T21:15:35","modified_gmt":"2022-11-23T21:15:35","slug":"rolamento-emb-gol-bola-8a16v-e","status":"publish","type":"product","link":"https:\/\/autopecasanhanguera.com.br\/index.php\/product\/rolamento-emb-gol-bola-8a16v-e\/","title":{"rendered":"ROLAMENTO EMB GOL BOLA 8A16V E"},"content":{"rendered":"<p>DESCRI\u00c7\u00c3O= ROLAMENTO EMB GOL BOLA 8A16V E C\u00d3DIGO DO FABRICANTE= 333R MARCA = RECOPEL<\/p>\n","protected":false},"excerpt":{"rendered":"<p>DESCRI\u00c7\u00c3O= ROLAMENTO EMB GOL BOLA 8A16V E C\u00d3DIGO DO FABRICANTE= 333R MARCA = RECOPEL<\/p>\n","protected":false},"featured_media":0,"template":"","meta":{"om_disable_all_campaigns":false,"_monsterinsights_skip_tracking":false,"_monsterinsights_sitenote_active":false,"_monsterinsights_sitenote_note":"","_monsterinsights_sitenote_category":0},"product_cat":[130],"product_tag":[],"aioseo_notices":[],"_links":{"self":[{"href":"https:\/\/autopecasanhanguera.com.br\/index.php\/wp-json\/wp\/v2\/product\/4024"}],"collection":[{"href":"https:\/\/autopecasanhanguera.com.br\/index.php\/wp-json\/wp\/v2\/product"}],"about":[{"href":"https:\/\/autopecasanhanguera.com.br\/index.php\/wp-json\/wp\/v2\/types\/product"}],"wp:attachment":[{"href":"https:\/\/autopecasanhanguera.com.br\/index.php\/wp-json\/wp\/v2\/media?parent=4024"}],"wp:term":[{"taxonomy":"product_cat","embeddable":true,"href":"https:\/\/autopecasanhanguera.com.br\/index.php\/wp-json\/wp\/v2\/product_cat?post=4024"},{"taxonomy":"product_tag","embeddable":true,"href":"https:\/\/autopecasanhanguera.com.br\/index.php\/wp-json\/wp\/v2\/product_tag?post=4024"}],"curies":[{"name":"wp","href":"https:\/\/api.w.org\/{rel}","templated":true}]}}