{"id":4035,"date":"2022-11-23T21:15:36","date_gmt":"2022-11-23T21:15:36","guid":{"rendered":"https:\/\/autopecasanhanguera.com.br\/?post_type=product&#038;p=4035"},"modified":"2022-11-23T21:15:36","modified_gmt":"2022-11-23T21:15:36","slug":"selo-bloco-motor-chevett","status":"publish","type":"product","link":"https:\/\/autopecasanhanguera.com.br\/index.php\/product\/selo-bloco-motor-chevett\/","title":{"rendered":"SELO BLOCO MOTOR CHEVETT"},"content":{"rendered":"<p>DESCRI\u00c7\u00c3O= SELO BLOCO MOTOR CHEVETT C\u00d3DIGO DO FABRICANTE= 1610201*43*RRX* MARCA = NEW<\/p>\n","protected":false},"excerpt":{"rendered":"<p>DESCRI\u00c7\u00c3O= SELO BLOCO MOTOR CHEVETT C\u00d3DIGO DO FABRICANTE= 1610201*43*RRX* MARCA = NEW<\/p>\n","protected":false},"featured_media":0,"template":"","meta":{"om_disable_all_campaigns":false,"_monsterinsights_skip_tracking":false,"_monsterinsights_sitenote_active":false,"_monsterinsights_sitenote_note":"","_monsterinsights_sitenote_category":0},"product_cat":[96],"product_tag":[],"aioseo_notices":[],"_links":{"self":[{"href":"https:\/\/autopecasanhanguera.com.br\/index.php\/wp-json\/wp\/v2\/product\/4035"}],"collection":[{"href":"https:\/\/autopecasanhanguera.com.br\/index.php\/wp-json\/wp\/v2\/product"}],"about":[{"href":"https:\/\/autopecasanhanguera.com.br\/index.php\/wp-json\/wp\/v2\/types\/product"}],"wp:attachment":[{"href":"https:\/\/autopecasanhanguera.com.br\/index.php\/wp-json\/wp\/v2\/media?parent=4035"}],"wp:term":[{"taxonomy":"product_cat","embeddable":true,"href":"https:\/\/autopecasanhanguera.com.br\/index.php\/wp-json\/wp\/v2\/product_cat?post=4035"},{"taxonomy":"product_tag","embeddable":true,"href":"https:\/\/autopecasanhanguera.com.br\/index.php\/wp-json\/wp\/v2\/product_tag?post=4035"}],"curies":[{"name":"wp","href":"https:\/\/api.w.org\/{rel}","templated":true}]}}