{"id":4140,"date":"2022-11-23T21:15:47","date_gmt":"2022-11-23T21:15:47","guid":{"rendered":"https:\/\/autopecasanhanguera.com.br\/?post_type=product&#038;p=4140"},"modified":"2022-11-23T21:15:47","modified_gmt":"2022-11-23T21:15:47","slug":"retentor-eixo-piloto-monza-kad","status":"publish","type":"product","link":"https:\/\/autopecasanhanguera.com.br\/index.php\/product\/retentor-eixo-piloto-monza-kad\/","title":{"rendered":"RETENTOR EIXO PILOTO MONZA KAD"},"content":{"rendered":"<p>DESCRI\u00c7\u00c3O= RETENTOR EIXO PILOTO MONZA KAD C\u00d3DIGO DO FABRICANTE= 2372 COMPRAR SO 1 PC MARCA = SABO<\/p>\n","protected":false},"excerpt":{"rendered":"<p>DESCRI\u00c7\u00c3O= RETENTOR EIXO PILOTO MONZA KAD C\u00d3DIGO DO FABRICANTE= 2372 COMPRAR SO 1 PC MARCA = SABO<\/p>\n","protected":false},"featured_media":0,"template":"","meta":{"om_disable_all_campaigns":false,"_monsterinsights_skip_tracking":false,"_monsterinsights_sitenote_active":false,"_monsterinsights_sitenote_note":"","_monsterinsights_sitenote_category":0},"product_cat":[209],"product_tag":[],"aioseo_notices":[],"_links":{"self":[{"href":"https:\/\/autopecasanhanguera.com.br\/index.php\/wp-json\/wp\/v2\/product\/4140"}],"collection":[{"href":"https:\/\/autopecasanhanguera.com.br\/index.php\/wp-json\/wp\/v2\/product"}],"about":[{"href":"https:\/\/autopecasanhanguera.com.br\/index.php\/wp-json\/wp\/v2\/types\/product"}],"wp:attachment":[{"href":"https:\/\/autopecasanhanguera.com.br\/index.php\/wp-json\/wp\/v2\/media?parent=4140"}],"wp:term":[{"taxonomy":"product_cat","embeddable":true,"href":"https:\/\/autopecasanhanguera.com.br\/index.php\/wp-json\/wp\/v2\/product_cat?post=4140"},{"taxonomy":"product_tag","embeddable":true,"href":"https:\/\/autopecasanhanguera.com.br\/index.php\/wp-json\/wp\/v2\/product_tag?post=4140"}],"curies":[{"name":"wp","href":"https:\/\/api.w.org\/{rel}","templated":true}]}}