{"id":419,"date":"2022-11-23T21:05:01","date_gmt":"2022-11-23T21:05:01","guid":{"rendered":"https:\/\/autopecasanhanguera.com.br\/?post_type=product&#038;p=419"},"modified":"2022-11-23T21:05:01","modified_gmt":"2022-11-23T21:05:01","slug":"hidrovacuo-galaxie","status":"publish","type":"product","link":"https:\/\/autopecasanhanguera.com.br\/index.php\/product\/hidrovacuo-galaxie\/","title":{"rendered":"HIDROVACUO GALAXIE"},"content":{"rendered":"<p>DESCRI\u00c7\u00c3O= HIDROVACUO GALAXIE C\u00d3DIGO DO FABRICANTE= RC26189 MARCA = LOURO***043***<\/p>\n","protected":false},"excerpt":{"rendered":"<p>DESCRI\u00c7\u00c3O= HIDROVACUO GALAXIE C\u00d3DIGO DO FABRICANTE= RC26189 MARCA = LOURO***043***<\/p>\n","protected":false},"featured_media":0,"template":"","meta":{"om_disable_all_campaigns":false,"_monsterinsights_skip_tracking":false,"_monsterinsights_sitenote_active":false,"_monsterinsights_sitenote_note":"","_monsterinsights_sitenote_category":0},"product_cat":[154],"product_tag":[],"aioseo_notices":[],"_links":{"self":[{"href":"https:\/\/autopecasanhanguera.com.br\/index.php\/wp-json\/wp\/v2\/product\/419"}],"collection":[{"href":"https:\/\/autopecasanhanguera.com.br\/index.php\/wp-json\/wp\/v2\/product"}],"about":[{"href":"https:\/\/autopecasanhanguera.com.br\/index.php\/wp-json\/wp\/v2\/types\/product"}],"wp:attachment":[{"href":"https:\/\/autopecasanhanguera.com.br\/index.php\/wp-json\/wp\/v2\/media?parent=419"}],"wp:term":[{"taxonomy":"product_cat","embeddable":true,"href":"https:\/\/autopecasanhanguera.com.br\/index.php\/wp-json\/wp\/v2\/product_cat?post=419"},{"taxonomy":"product_tag","embeddable":true,"href":"https:\/\/autopecasanhanguera.com.br\/index.php\/wp-json\/wp\/v2\/product_tag?post=419"}],"curies":[{"name":"wp","href":"https:\/\/api.w.org\/{rel}","templated":true}]}}