{"id":422,"date":"2022-11-23T21:05:02","date_gmt":"2022-11-23T21:05:02","guid":{"rendered":"https:\/\/autopecasanhanguera.com.br\/?post_type=product&#038;p=422"},"modified":"2023-08-26T13:29:02","modified_gmt":"2023-08-26T13:29:02","slug":"espelho-roda-diant-kombi-l-esq","status":"publish","type":"product","link":"https:\/\/autopecasanhanguera.com.br\/index.php\/product\/espelho-roda-diant-kombi-l-esq\/","title":{"rendered":"ESPELHO RODA DIANT KOMBI L ESQ"},"content":{"rendered":"<p>DESCRI\u00c7\u00c3O= ESPELHO RODA DIANT KOMBI L ESQ C\u00d3DIGO DO FABRICANTE= 2116091251 MARCA = VW***43***<\/p>\n","protected":false},"excerpt":{"rendered":"<p>DESCRI\u00c7\u00c3O= ESPELHO RODA DIANT KOMBI L ESQ C\u00d3DIGO DO FABRICANTE= 2116091251 MARCA = VW***43***<\/p>\n","protected":false},"featured_media":20302,"template":"","meta":{"om_disable_all_campaigns":false,"_monsterinsights_skip_tracking":false,"_monsterinsights_sitenote_active":false,"_monsterinsights_sitenote_note":"","_monsterinsights_sitenote_category":0},"product_cat":[92],"product_tag":[4724,4723,4722,4708],"aioseo_notices":[],"_links":{"self":[{"href":"https:\/\/autopecasanhanguera.com.br\/index.php\/wp-json\/wp\/v2\/product\/422"}],"collection":[{"href":"https:\/\/autopecasanhanguera.com.br\/index.php\/wp-json\/wp\/v2\/product"}],"about":[{"href":"https:\/\/autopecasanhanguera.com.br\/index.php\/wp-json\/wp\/v2\/types\/product"}],"wp:featuredmedia":[{"embeddable":true,"href":"https:\/\/autopecasanhanguera.com.br\/index.php\/wp-json\/wp\/v2\/media\/20302"}],"wp:attachment":[{"href":"https:\/\/autopecasanhanguera.com.br\/index.php\/wp-json\/wp\/v2\/media?parent=422"}],"wp:term":[{"taxonomy":"product_cat","embeddable":true,"href":"https:\/\/autopecasanhanguera.com.br\/index.php\/wp-json\/wp\/v2\/product_cat?post=422"},{"taxonomy":"product_tag","embeddable":true,"href":"https:\/\/autopecasanhanguera.com.br\/index.php\/wp-json\/wp\/v2\/product_tag?post=422"}],"curies":[{"name":"wp","href":"https:\/\/api.w.org\/{rel}","templated":true}]}}