{"id":4239,"date":"2022-11-23T21:15:57","date_gmt":"2022-11-23T21:15:57","guid":{"rendered":"https:\/\/autopecasanhanguera.com.br\/?post_type=product&#038;p=4239"},"modified":"2022-11-23T21:15:57","modified_gmt":"2022-11-23T21:15:57","slug":"tampao-furo-antena-univesal","status":"publish","type":"product","link":"https:\/\/autopecasanhanguera.com.br\/index.php\/product\/tampao-furo-antena-univesal\/","title":{"rendered":"TAMPAO FURO ANTENA UNIVESAL"},"content":{"rendered":"<p>DESCRI\u00c7\u00c3O= TAMPAO FURO ANTENA UNIVESAL C\u00d3DIGO DO FABRICANTE= 1100.009,00.5 MARCA = ESTORIL<\/p>\n","protected":false},"excerpt":{"rendered":"<p>DESCRI\u00c7\u00c3O= TAMPAO FURO ANTENA UNIVESAL C\u00d3DIGO DO FABRICANTE= 1100.009,00.5 MARCA = ESTORIL<\/p>\n","protected":false},"featured_media":0,"template":"","meta":{"om_disable_all_campaigns":false,"_monsterinsights_skip_tracking":false,"_monsterinsights_sitenote_active":false,"_monsterinsights_sitenote_note":"","_monsterinsights_sitenote_category":0},"product_cat":[105],"product_tag":[],"aioseo_notices":[],"_links":{"self":[{"href":"https:\/\/autopecasanhanguera.com.br\/index.php\/wp-json\/wp\/v2\/product\/4239"}],"collection":[{"href":"https:\/\/autopecasanhanguera.com.br\/index.php\/wp-json\/wp\/v2\/product"}],"about":[{"href":"https:\/\/autopecasanhanguera.com.br\/index.php\/wp-json\/wp\/v2\/types\/product"}],"wp:attachment":[{"href":"https:\/\/autopecasanhanguera.com.br\/index.php\/wp-json\/wp\/v2\/media?parent=4239"}],"wp:term":[{"taxonomy":"product_cat","embeddable":true,"href":"https:\/\/autopecasanhanguera.com.br\/index.php\/wp-json\/wp\/v2\/product_cat?post=4239"},{"taxonomy":"product_tag","embeddable":true,"href":"https:\/\/autopecasanhanguera.com.br\/index.php\/wp-json\/wp\/v2\/product_tag?post=4239"}],"curies":[{"name":"wp","href":"https:\/\/api.w.org\/{rel}","templated":true}]}}