{"id":4355,"date":"2022-11-23T21:16:15","date_gmt":"2022-11-23T21:16:15","guid":{"rendered":"https:\/\/autopecasanhanguera.com.br\/?post_type=product&#038;p=4355"},"modified":"2022-11-23T21:16:15","modified_gmt":"2022-11-23T21:16:15","slug":"arruela-lisa-zincada-10-mm","status":"publish","type":"product","link":"https:\/\/autopecasanhanguera.com.br\/index.php\/product\/arruela-lisa-zincada-10-mm\/","title":{"rendered":"ARRUELA LISA ZINCADA 10 MM"},"content":{"rendered":"<p>DESCRI\u00c7\u00c3O= ARRUELA LISA ZINCADA 10 MM C\u00d3DIGO DO FABRICANTE= 4890051*43*XXD* MARCA = SIGA<\/p>\n","protected":false},"excerpt":{"rendered":"<p>DESCRI\u00c7\u00c3O= ARRUELA LISA ZINCADA 10 MM C\u00d3DIGO DO FABRICANTE= 4890051*43*XXD* MARCA = SIGA<\/p>\n","protected":false},"featured_media":0,"template":"","meta":{"om_disable_all_campaigns":false,"_monsterinsights_skip_tracking":false,"_monsterinsights_sitenote_active":false,"_monsterinsights_sitenote_note":"","_monsterinsights_sitenote_category":0},"product_cat":[103],"product_tag":[],"aioseo_notices":[],"_links":{"self":[{"href":"https:\/\/autopecasanhanguera.com.br\/index.php\/wp-json\/wp\/v2\/product\/4355"}],"collection":[{"href":"https:\/\/autopecasanhanguera.com.br\/index.php\/wp-json\/wp\/v2\/product"}],"about":[{"href":"https:\/\/autopecasanhanguera.com.br\/index.php\/wp-json\/wp\/v2\/types\/product"}],"wp:attachment":[{"href":"https:\/\/autopecasanhanguera.com.br\/index.php\/wp-json\/wp\/v2\/media?parent=4355"}],"wp:term":[{"taxonomy":"product_cat","embeddable":true,"href":"https:\/\/autopecasanhanguera.com.br\/index.php\/wp-json\/wp\/v2\/product_cat?post=4355"},{"taxonomy":"product_tag","embeddable":true,"href":"https:\/\/autopecasanhanguera.com.br\/index.php\/wp-json\/wp\/v2\/product_tag?post=4355"}],"curies":[{"name":"wp","href":"https:\/\/api.w.org\/{rel}","templated":true}]}}