{"id":437,"date":"2022-11-23T21:05:04","date_gmt":"2022-11-23T21:05:04","guid":{"rendered":"https:\/\/autopecasanhanguera.com.br\/?post_type=product&#038;p=437"},"modified":"2022-11-23T21:05:04","modified_gmt":"2022-11-23T21:05:04","slug":"reparo-pinca-corcel-s-teves-ld","status":"publish","type":"product","link":"https:\/\/autopecasanhanguera.com.br\/index.php\/product\/reparo-pinca-corcel-s-teves-ld\/","title":{"rendered":"REPARO PINCA CORCEL S TEVES LD"},"content":{"rendered":"<p>DESCRI\u00c7\u00c3O= REPARO PINCA CORCEL S TEVES LD C\u00d3DIGO DO FABRICANTE= K6163 MARCA = UNIPARTS<\/p>\n","protected":false},"excerpt":{"rendered":"<p>DESCRI\u00c7\u00c3O= REPARO PINCA CORCEL S TEVES LD C\u00d3DIGO DO FABRICANTE= K6163 MARCA = UNIPARTS<\/p>\n","protected":false},"featured_media":0,"template":"","meta":{"om_disable_all_campaigns":false,"_monsterinsights_skip_tracking":false,"_monsterinsights_sitenote_active":false,"_monsterinsights_sitenote_note":"","_monsterinsights_sitenote_category":0},"product_cat":[99],"product_tag":[],"aioseo_notices":[],"_links":{"self":[{"href":"https:\/\/autopecasanhanguera.com.br\/index.php\/wp-json\/wp\/v2\/product\/437"}],"collection":[{"href":"https:\/\/autopecasanhanguera.com.br\/index.php\/wp-json\/wp\/v2\/product"}],"about":[{"href":"https:\/\/autopecasanhanguera.com.br\/index.php\/wp-json\/wp\/v2\/types\/product"}],"wp:attachment":[{"href":"https:\/\/autopecasanhanguera.com.br\/index.php\/wp-json\/wp\/v2\/media?parent=437"}],"wp:term":[{"taxonomy":"product_cat","embeddable":true,"href":"https:\/\/autopecasanhanguera.com.br\/index.php\/wp-json\/wp\/v2\/product_cat?post=437"},{"taxonomy":"product_tag","embeddable":true,"href":"https:\/\/autopecasanhanguera.com.br\/index.php\/wp-json\/wp\/v2\/product_tag?post=437"}],"curies":[{"name":"wp","href":"https:\/\/api.w.org\/{rel}","templated":true}]}}