{"id":4437,"date":"2022-11-23T21:16:27","date_gmt":"2022-11-23T21:16:27","guid":{"rendered":"https:\/\/autopecasanhanguera.com.br\/?post_type=product&#038;p=4437"},"modified":"2022-11-23T21:16:28","modified_gmt":"2022-11-23T21:16:28","slug":"calco-cabine-caminhao-vw-tsd","status":"publish","type":"product","link":"https:\/\/autopecasanhanguera.com.br\/index.php\/product\/calco-cabine-caminhao-vw-tsd\/","title":{"rendered":"CALCO CABINE CAMINHAO VW TSD"},"content":{"rendered":"<p>DESCRI\u00c7\u00c3O= CALCO CABINE CAMINHAO VW TSD C\u00d3DIGO DO FABRICANTE= 705196 MARCA = JK LATAS<\/p>\n","protected":false},"excerpt":{"rendered":"<p>DESCRI\u00c7\u00c3O= CALCO CABINE CAMINHAO VW TSD C\u00d3DIGO DO FABRICANTE= 705196 MARCA = JK LATAS<\/p>\n","protected":false},"featured_media":0,"template":"","meta":{"om_disable_all_campaigns":false,"_monsterinsights_skip_tracking":false,"_monsterinsights_sitenote_active":false,"_monsterinsights_sitenote_note":"","_monsterinsights_sitenote_category":0},"product_cat":[92],"product_tag":[],"aioseo_notices":[],"_links":{"self":[{"href":"https:\/\/autopecasanhanguera.com.br\/index.php\/wp-json\/wp\/v2\/product\/4437"}],"collection":[{"href":"https:\/\/autopecasanhanguera.com.br\/index.php\/wp-json\/wp\/v2\/product"}],"about":[{"href":"https:\/\/autopecasanhanguera.com.br\/index.php\/wp-json\/wp\/v2\/types\/product"}],"wp:attachment":[{"href":"https:\/\/autopecasanhanguera.com.br\/index.php\/wp-json\/wp\/v2\/media?parent=4437"}],"wp:term":[{"taxonomy":"product_cat","embeddable":true,"href":"https:\/\/autopecasanhanguera.com.br\/index.php\/wp-json\/wp\/v2\/product_cat?post=4437"},{"taxonomy":"product_tag","embeddable":true,"href":"https:\/\/autopecasanhanguera.com.br\/index.php\/wp-json\/wp\/v2\/product_tag?post=4437"}],"curies":[{"name":"wp","href":"https:\/\/api.w.org\/{rel}","templated":true}]}}