{"id":444,"date":"2022-11-23T21:05:05","date_gmt":"2022-11-23T21:05:05","guid":{"rendered":"https:\/\/autopecasanhanguera.com.br\/?post_type=product&#038;p=444"},"modified":"2022-11-23T21:05:05","modified_gmt":"2022-11-23T21:05:05","slug":"cabo-velo-corsa-todos-orig93","status":"publish","type":"product","link":"https:\/\/autopecasanhanguera.com.br\/index.php\/product\/cabo-velo-corsa-todos-orig93\/","title":{"rendered":"CABO VELO CORSA TODOS ORIG:93."},"content":{"rendered":"<p>DESCRI\u00c7\u00c3O= CABO VELO CORSA TODOS ORIG:93. C\u00d3DIGO DO FABRICANTE= 30353 224-C TB7144 MARCA = TUBA<\/p>\n","protected":false},"excerpt":{"rendered":"<p>DESCRI\u00c7\u00c3O= CABO VELO CORSA TODOS ORIG:93. C\u00d3DIGO DO FABRICANTE= 30353 224-C TB7144 MARCA = TUBA<\/p>\n","protected":false},"featured_media":0,"template":"","meta":{"om_disable_all_campaigns":false,"_monsterinsights_skip_tracking":false,"_monsterinsights_sitenote_active":false,"_monsterinsights_sitenote_note":"","_monsterinsights_sitenote_category":0},"product_cat":[87],"product_tag":[],"aioseo_notices":[],"_links":{"self":[{"href":"https:\/\/autopecasanhanguera.com.br\/index.php\/wp-json\/wp\/v2\/product\/444"}],"collection":[{"href":"https:\/\/autopecasanhanguera.com.br\/index.php\/wp-json\/wp\/v2\/product"}],"about":[{"href":"https:\/\/autopecasanhanguera.com.br\/index.php\/wp-json\/wp\/v2\/types\/product"}],"wp:attachment":[{"href":"https:\/\/autopecasanhanguera.com.br\/index.php\/wp-json\/wp\/v2\/media?parent=444"}],"wp:term":[{"taxonomy":"product_cat","embeddable":true,"href":"https:\/\/autopecasanhanguera.com.br\/index.php\/wp-json\/wp\/v2\/product_cat?post=444"},{"taxonomy":"product_tag","embeddable":true,"href":"https:\/\/autopecasanhanguera.com.br\/index.php\/wp-json\/wp\/v2\/product_tag?post=444"}],"curies":[{"name":"wp","href":"https:\/\/api.w.org\/{rel}","templated":true}]}}