{"id":4584,"date":"2022-11-23T21:16:44","date_gmt":"2022-11-23T21:16:44","guid":{"rendered":"https:\/\/autopecasanhanguera.com.br\/?post_type=product&#038;p=4584"},"modified":"2022-11-23T21:16:44","modified_gmt":"2022-11-23T21:16:44","slug":"friso-lant-lateral-tras-sant-8","status":"publish","type":"product","link":"https:\/\/autopecasanhanguera.com.br\/index.php\/product\/friso-lant-lateral-tras-sant-8\/","title":{"rendered":"FRISO LANT LATERAL TRAS SANT 8"},"content":{"rendered":"<p>DESCRI\u00c7\u00c3O= FRISO LANT LATERAL TRAS SANT 8 C\u00d3DIGO DO FABRICANTE= 1281\/1282 MARCA = FREE<\/p>\n","protected":false},"excerpt":{"rendered":"<p>DESCRI\u00c7\u00c3O= FRISO LANT LATERAL TRAS SANT 8 C\u00d3DIGO DO FABRICANTE= 1281\/1282 MARCA = FREE<\/p>\n","protected":false},"featured_media":0,"template":"","meta":{"om_disable_all_campaigns":false,"_monsterinsights_skip_tracking":false,"_monsterinsights_sitenote_active":false,"_monsterinsights_sitenote_note":"","_monsterinsights_sitenote_category":0},"product_cat":[89],"product_tag":[],"aioseo_notices":[],"_links":{"self":[{"href":"https:\/\/autopecasanhanguera.com.br\/index.php\/wp-json\/wp\/v2\/product\/4584"}],"collection":[{"href":"https:\/\/autopecasanhanguera.com.br\/index.php\/wp-json\/wp\/v2\/product"}],"about":[{"href":"https:\/\/autopecasanhanguera.com.br\/index.php\/wp-json\/wp\/v2\/types\/product"}],"wp:attachment":[{"href":"https:\/\/autopecasanhanguera.com.br\/index.php\/wp-json\/wp\/v2\/media?parent=4584"}],"wp:term":[{"taxonomy":"product_cat","embeddable":true,"href":"https:\/\/autopecasanhanguera.com.br\/index.php\/wp-json\/wp\/v2\/product_cat?post=4584"},{"taxonomy":"product_tag","embeddable":true,"href":"https:\/\/autopecasanhanguera.com.br\/index.php\/wp-json\/wp\/v2\/product_tag?post=4584"}],"curies":[{"name":"wp","href":"https:\/\/api.w.org\/{rel}","templated":true}]}}