{"id":47,"date":"2022-11-23T21:02:44","date_gmt":"2022-11-23T21:02:44","guid":{"rendered":"https:\/\/autopecasanhanguera.com.br\/?post_type=product&#038;p=47"},"modified":"2022-11-23T21:02:44","modified_gmt":"2022-11-23T21:02:44","slug":"tampa-reservatorio-radiador-mo","status":"publish","type":"product","link":"https:\/\/autopecasanhanguera.com.br\/index.php\/product\/tampa-reservatorio-radiador-mo\/","title":{"rendered":"TAMPA RESERVATORIO RADIADOR MO"},"content":{"rendered":"<p>DESCRI\u00c7\u00c3O= TAMPA RESERVATORIO RADIADOR MO C\u00d3DIGO DO FABRICANTE= TC5050 HS2810*43*2PC MARCA = ORIGINAL<\/p>\n","protected":false},"excerpt":{"rendered":"<p>DESCRI\u00c7\u00c3O= TAMPA RESERVATORIO RADIADOR MO C\u00d3DIGO DO FABRICANTE= TC5050 HS2810*43*2PC MARCA = ORIGINAL<\/p>\n","protected":false},"featured_media":0,"template":"","meta":{"om_disable_all_campaigns":false,"_monsterinsights_skip_tracking":false,"_monsterinsights_sitenote_active":false,"_monsterinsights_sitenote_note":"","_monsterinsights_sitenote_category":0},"product_cat":[89],"product_tag":[],"aioseo_notices":[],"_links":{"self":[{"href":"https:\/\/autopecasanhanguera.com.br\/index.php\/wp-json\/wp\/v2\/product\/47"}],"collection":[{"href":"https:\/\/autopecasanhanguera.com.br\/index.php\/wp-json\/wp\/v2\/product"}],"about":[{"href":"https:\/\/autopecasanhanguera.com.br\/index.php\/wp-json\/wp\/v2\/types\/product"}],"wp:attachment":[{"href":"https:\/\/autopecasanhanguera.com.br\/index.php\/wp-json\/wp\/v2\/media?parent=47"}],"wp:term":[{"taxonomy":"product_cat","embeddable":true,"href":"https:\/\/autopecasanhanguera.com.br\/index.php\/wp-json\/wp\/v2\/product_cat?post=47"},{"taxonomy":"product_tag","embeddable":true,"href":"https:\/\/autopecasanhanguera.com.br\/index.php\/wp-json\/wp\/v2\/product_tag?post=47"}],"curies":[{"name":"wp","href":"https:\/\/api.w.org\/{rel}","templated":true}]}}