{"id":4743,"date":"2022-11-23T21:17:02","date_gmt":"2022-11-23T21:17:02","guid":{"rendered":"https:\/\/autopecasanhanguera.com.br\/?post_type=product&#038;p=4743"},"modified":"2022-11-23T21:17:02","modified_gmt":"2022-11-23T21:17:02","slug":"fio-cabo-bateria-25mm-metro","status":"publish","type":"product","link":"https:\/\/autopecasanhanguera.com.br\/index.php\/product\/fio-cabo-bateria-25mm-metro\/","title":{"rendered":"FIO CABO BATERIA 25MM -METRO-"},"content":{"rendered":"<p>DESCRI\u00c7\u00c3O= FIO CABO BATERIA 25MM -METRO- C\u00d3DIGO DO FABRICANTE= SOLDER25MM MARCA = WF<\/p>\n","protected":false},"excerpt":{"rendered":"<p>DESCRI\u00c7\u00c3O= FIO CABO BATERIA 25MM -METRO- C\u00d3DIGO DO FABRICANTE= SOLDER25MM MARCA = WF<\/p>\n","protected":false},"featured_media":0,"template":"","meta":{"om_disable_all_campaigns":false,"_monsterinsights_skip_tracking":false,"_monsterinsights_sitenote_active":false,"_monsterinsights_sitenote_note":"","_monsterinsights_sitenote_category":0},"product_cat":[105],"product_tag":[],"aioseo_notices":[],"_links":{"self":[{"href":"https:\/\/autopecasanhanguera.com.br\/index.php\/wp-json\/wp\/v2\/product\/4743"}],"collection":[{"href":"https:\/\/autopecasanhanguera.com.br\/index.php\/wp-json\/wp\/v2\/product"}],"about":[{"href":"https:\/\/autopecasanhanguera.com.br\/index.php\/wp-json\/wp\/v2\/types\/product"}],"wp:attachment":[{"href":"https:\/\/autopecasanhanguera.com.br\/index.php\/wp-json\/wp\/v2\/media?parent=4743"}],"wp:term":[{"taxonomy":"product_cat","embeddable":true,"href":"https:\/\/autopecasanhanguera.com.br\/index.php\/wp-json\/wp\/v2\/product_cat?post=4743"},{"taxonomy":"product_tag","embeddable":true,"href":"https:\/\/autopecasanhanguera.com.br\/index.php\/wp-json\/wp\/v2\/product_tag?post=4743"}],"curies":[{"name":"wp","href":"https:\/\/api.w.org\/{rel}","templated":true}]}}