{"id":475,"date":"2022-11-23T21:05:10","date_gmt":"2022-11-23T21:05:10","guid":{"rendered":"https:\/\/autopecasanhanguera.com.br\/?post_type=product&#038;p=475"},"modified":"2022-11-23T21:05:10","modified_gmt":"2022-11-23T21:05:10","slug":"reparo-cil-roda-tras-gol-savei","status":"publish","type":"product","link":"https:\/\/autopecasanhanguera.com.br\/index.php\/product\/reparo-cil-roda-tras-gol-savei\/","title":{"rendered":"REPARO CIL RODA TRAS GOL SAVEI"},"content":{"rendered":"<p>DESCRI\u00c7\u00c3O= REPARO CIL RODA TRAS GOL SAVEI C\u00d3DIGO DO FABRICANTE= C-1447.8 MARCA = CONTROIL<\/p>\n","protected":false},"excerpt":{"rendered":"<p>DESCRI\u00c7\u00c3O= REPARO CIL RODA TRAS GOL SAVEI C\u00d3DIGO DO FABRICANTE= C-1447.8 MARCA = CONTROIL<\/p>\n","protected":false},"featured_media":0,"template":"","meta":{"om_disable_all_campaigns":false,"_monsterinsights_skip_tracking":false,"_monsterinsights_sitenote_active":false,"_monsterinsights_sitenote_note":"","_monsterinsights_sitenote_category":0},"product_cat":[99],"product_tag":[],"aioseo_notices":[],"_links":{"self":[{"href":"https:\/\/autopecasanhanguera.com.br\/index.php\/wp-json\/wp\/v2\/product\/475"}],"collection":[{"href":"https:\/\/autopecasanhanguera.com.br\/index.php\/wp-json\/wp\/v2\/product"}],"about":[{"href":"https:\/\/autopecasanhanguera.com.br\/index.php\/wp-json\/wp\/v2\/types\/product"}],"wp:attachment":[{"href":"https:\/\/autopecasanhanguera.com.br\/index.php\/wp-json\/wp\/v2\/media?parent=475"}],"wp:term":[{"taxonomy":"product_cat","embeddable":true,"href":"https:\/\/autopecasanhanguera.com.br\/index.php\/wp-json\/wp\/v2\/product_cat?post=475"},{"taxonomy":"product_tag","embeddable":true,"href":"https:\/\/autopecasanhanguera.com.br\/index.php\/wp-json\/wp\/v2\/product_tag?post=475"}],"curies":[{"name":"wp","href":"https:\/\/api.w.org\/{rel}","templated":true}]}}